{"id":9098,"date":"2024-10-10T22:39:18","date_gmt":"2024-10-10T20:39:18","guid":{"rendered":"https:\/\/www.amateurphoto.fr\/pvcc\/?page_id=9098"},"modified":"2024-10-10T22:45:50","modified_gmt":"2024-10-10T20:45:50","slug":"le-mot-du-president","status":"publish","type":"page","link":"https:\/\/www.amateurphoto.fr\/pvcc\/le-mot-du-president\/","title":{"rendered":"Le mot du pr\u00e9sident"},"content":{"rendered":"<!--themify_builder_content-->\n<div id=\"themify_builder_content-9098\" data-postid=\"9098\" class=\"themify_builder_content themify_builder_content-9098 themify_builder tf_clear\">\n                    <div  data-lazy=\"1\" class=\"module_row themify_builder_row tb_zhgl55 tb_first tf_w\">\n                        <div class=\"row_inner col_align_top tb_col_count_2 tf_box tf_rel\">\n                        <div  data-lazy=\"1\" class=\"module_column tb-column col4-2 tb_4uj455 first\">\n                    <!-- module image -->\n<div  class=\"module module-image tb_qr8i769 image-top   tf_mw\" data-lazy=\"1\">\n        <div class=\"image-wrap tf_rel tf_mw\">\n            <img loading=\"lazy\" decoding=\"async\" width=\"683\" height=\"1024\" src=\"https:\/\/www.amateurphoto.fr\/pvcc\/wp-content\/uploads\/2024\/10\/Fred.jpg\" class=\"wp-post-image wp-image-9089\" title=\"Fred\" alt=\"Fred\" srcset=\"https:\/\/www.amateurphoto.fr\/pvcc\/wp-content\/uploads\/2024\/10\/Fred.jpg 683w, https:\/\/www.amateurphoto.fr\/pvcc\/wp-content\/uploads\/2024\/10\/Fred-500x750.jpg 500w, https:\/\/www.amateurphoto.fr\/pvcc\/wp-content\/uploads\/2024\/10\/Fred-200x300.jpg 200w\" sizes=\"auto, (max-width: 683px) 85vw, 683px\" \/>    \n        <\/div>\n    <!-- \/image-wrap -->\n    \n        <\/div>\n<!-- \/module image -->        <\/div>\n                    <div  data-lazy=\"1\" class=\"module_column tb-column col4-2 tb_m43z245 last\">\n                    <!-- module text -->\n<div  class=\"module module-text tb_ld2i343   \" data-lazy=\"1\">\n        <div  class=\"tb_text_wrap\">\n        <p><span style=\"font-weight: 400;\">Chers amis photographes,<\/span><\/p><p><span style=\"font-weight: 400;\">A l\u2019heure d\u2019Instagram et des r\u00e9seaux sociaux&nbsp; pourquoi rejoindre un club photo ?<\/span><\/p><p><span style=\"font-weight: 400;\">D\u2019abord pour le partage, d\u00e9couvrir une communaut\u00e9 de photographes pr\u00e8s de chez soi, avoir un contact humain avec des personnes, souvent passionn\u00e9es et passionnantes.&nbsp;<\/span><\/p><p><span style=\"font-weight: 400;\">Le groupe cr\u00e9e une \u00e9mulation : recevoir des conseils argument\u00e9s et bienveillants poussera chacun vers la satisfaction de produire de plus belles images.<\/span><\/p><p><span style=\"font-weight: 400;\">Chaque membre du club a des pratiques photos diff\u00e9rentes, apporte aux autres et apprend des autres. La base d\u2019un club photo, c\u2019est <\/span><span style=\"font-weight: 400;\">l\u2019\u00e9change<\/span><span style=\"font-weight: 400;\">.<\/span><\/p><p><span style=\"font-weight: 400;\">Un club c\u2019est aussi la mise en commun de moyens, pour l\u2019impression, un studio photo, un lieu pour la formation, un labo argentique\u2026 Accessibles \u00e0 tous les membres du club.<\/span><\/p><p><span style=\"font-weight: 400;\">Nous nous voulons \u00eatre un club de photographes, l\u00e0 pour partager, apprendre et d\u00e9velopper notre culture de l\u2019image, Qu\u2019on soit d\u00e9butant ou photographe confirm\u00e9, chacun a sa place au club.&nbsp;<\/span><\/p><p><span style=\"font-weight: 400;\">Le pr\u00e9sident<\/span><\/p><p><span style=\"font-weight: 400;\">Fr\u00e9d\u00e9ric TROCELLIER<\/span><\/p>    <\/div>\n<\/div>\n<!-- \/module text -->        <\/div>\n                        <\/div>\n        <\/div>\n        <\/div>\n<!--\/themify_builder_content-->","protected":false},"excerpt":{"rendered":"<p>Chers amis photographes,A l\u2019heure d\u2019Instagram et des r\u00e9seaux sociaux&nbsp; pourquoi rejoindre un club photo ?D\u2019abord pour le partage, d\u00e9couvrir une communaut\u00e9 de photographes pr\u00e8s de chez soi, avoir un contact humain avec des personnes, souvent passionn\u00e9es et passionnantes.&nbsp;Le groupe cr\u00e9e une \u00e9mulation : recevoir des conseils argument\u00e9s et bienveillants poussera chacun vers la satisfaction de &hellip; <a href=\"https:\/\/www.amateurphoto.fr\/pvcc\/le-mot-du-president\/\" class=\"more-link\">Continuer la lecture<span class=\"screen-reader-text\"> de &laquo;&nbsp;Le mot du pr\u00e9sident&nbsp;&raquo;<\/span><\/a><\/p>\n","protected":false},"author":1,"featured_media":0,"parent":0,"menu_order":0,"comment_status":"closed","ping_status":"closed","template":"bt-no-sidebar-wide.php","meta":{"ngg_post_thumbnail":0,"_vp_format_video_url":"","_vp_image_focal_point":[],"footnotes":""},"class_list":["post-9098","page","type-page","status-publish","hentry"],"aioseo_notices":[],"builder_content":"<img src=\"https:\/\/www.amateurphoto.fr\/pvcc\/wp-content\/uploads\/2024\/10\/Fred.jpg\" title=\"Fred\" alt=\"Fred\" srcset=\"https:\/\/www.amateurphoto.fr\/pvcc\/wp-content\/uploads\/2024\/10\/Fred.jpg 683w, https:\/\/www.amateurphoto.fr\/pvcc\/wp-content\/uploads\/2024\/10\/Fred-500x750.jpg 500w, https:\/\/www.amateurphoto.fr\/pvcc\/wp-content\/uploads\/2024\/10\/Fred-200x300.jpg 200w\" sizes=\"(max-width: 683px) 85vw, 683px\" \/>\n<p>Chers amis photographes,<\/p><p>A l\u2019heure d\u2019Instagram et des r\u00e9seaux sociaux&nbsp; pourquoi rejoindre un club photo ?<\/p><p>D\u2019abord pour le partage, d\u00e9couvrir une communaut\u00e9 de photographes pr\u00e8s de chez soi, avoir un contact humain avec des personnes, souvent passionn\u00e9es et passionnantes.&nbsp;<\/p><p>Le groupe cr\u00e9e une \u00e9mulation : recevoir des conseils argument\u00e9s et bienveillants poussera chacun vers la satisfaction de produire de plus belles images.<\/p><p>Chaque membre du club a des pratiques photos diff\u00e9rentes, apporte aux autres et apprend des autres. La base d\u2019un club photo, c\u2019est l\u2019\u00e9change.<\/p><p>Un club c\u2019est aussi la mise en commun de moyens, pour l\u2019impression, un studio photo, un lieu pour la formation, un labo argentique\u2026 Accessibles \u00e0 tous les membres du club.<\/p><p>Nous nous voulons \u00eatre un club de photographes, l\u00e0 pour partager, apprendre et d\u00e9velopper notre culture de l\u2019image, Qu\u2019on soit d\u00e9butant ou photographe confirm\u00e9, chacun a sa place au club.&nbsp;<\/p><p>Le pr\u00e9sident<\/p><p>Fr\u00e9d\u00e9ric TROCELLIER<\/p>","_links":{"self":[{"href":"https:\/\/www.amateurphoto.fr\/pvcc\/wp-json\/wp\/v2\/pages\/9098","targetHints":{"allow":["GET"]}}],"collection":[{"href":"https:\/\/www.amateurphoto.fr\/pvcc\/wp-json\/wp\/v2\/pages"}],"about":[{"href":"https:\/\/www.amateurphoto.fr\/pvcc\/wp-json\/wp\/v2\/types\/page"}],"author":[{"embeddable":true,"href":"https:\/\/www.amateurphoto.fr\/pvcc\/wp-json\/wp\/v2\/users\/1"}],"replies":[{"embeddable":true,"href":"https:\/\/www.amateurphoto.fr\/pvcc\/wp-json\/wp\/v2\/comments?post=9098"}],"version-history":[{"count":6,"href":"https:\/\/www.amateurphoto.fr\/pvcc\/wp-json\/wp\/v2\/pages\/9098\/revisions"}],"predecessor-version":[{"id":9106,"href":"https:\/\/www.amateurphoto.fr\/pvcc\/wp-json\/wp\/v2\/pages\/9098\/revisions\/9106"}],"wp:attachment":[{"href":"https:\/\/www.amateurphoto.fr\/pvcc\/wp-json\/wp\/v2\/media?parent=9098"}],"curies":[{"name":"wp","href":"https:\/\/api.w.org\/{rel}","templated":true}]}}