{"id":8627,"date":"2024-05-27T19:32:15","date_gmt":"2024-05-27T17:32:15","guid":{"rendered":"https:\/\/www.amateurphoto.fr\/pvcc\/?page_id=8627"},"modified":"2024-05-27T19:32:15","modified_gmt":"2024-05-27T17:32:15","slug":"compiegne-terre_de_jeux-2024","status":"publish","type":"page","link":"https:\/\/www.amateurphoto.fr\/pvcc\/compiegne-terre_de_jeux-2024\/","title":{"rendered":"Compi\u00e8gne \u00ab\u00a0Terre_de_Jeux 2024\u00a0\u00bb"},"content":{"rendered":"<!--themify_builder_content-->\n<div id=\"themify_builder_content-8627\" data-postid=\"8627\" class=\"themify_builder_content themify_builder_content-8627 themify_builder tf_clear\">\n                    <div  data-lazy=\"1\" class=\"module_row themify_builder_row tb_9tlu318 tb_first tf_w\">\n                        <div class=\"row_inner col_align_top tb_col_count_1 tf_box tf_rel\">\n                        <div  data-lazy=\"1\" class=\"module_column tb-column col-full tb_jlqb318 first\">\n                    <!-- module text -->\n<div  class=\"module module-text tb_jrtm534   \" data-lazy=\"1\">\n        <div  class=\"tb_text_wrap\">\n        <h2>Compi\u00e8gne \u00ab\u00a0Terre de jeux 2024\u00a0\u00bb<\/h2>\n<p><strong>Les Archives Intercommunales<\/strong> r\u00e9alisent, du 22 juin au 1<sup>er<\/sup> septembre 2024, une r\u00e9trospective sur le sport des ann\u00e9es 1870 aux ann\u00e9es 60\/70, \u00e0 l&rsquo;Espace Saint-Pierre des Minimes : \u00ab\u00a0<strong>R\u00e9troSports\u00a0\u00bb<\/strong><\/p>\n<p><strong>Le Photo Vid\u00e9o Club de Compi\u00e8gne<\/strong>, en compl\u00e9mentarit\u00e9 des Archives de la Ville,&nbsp; a pour objectif de r\u00e9aliser une exposition qui montre comment le sport aujourd&rsquo;hui est g\u00e9n\u00e9rateur :<\/p>\n<ul>\n<li style=\"list-style-type: none;\">\n<ul>\n<li>De lien social,<\/li>\n<li>Porteur de valeurs universelles,<\/li>\n<li>G\u00e9n\u00e9rateur d&rsquo;engouement collectif,<\/li>\n<li>Vecteur de mixit\u00e9 sociale et interg\u00e9n\u00e9rationnelle<\/li>\n<\/ul>\n<\/li>\n<\/ul>\n<h3 style=\"text-align: left;\">La promenade Saint-Pierre des minimes sera le lieu de notre exposition,<br>Vernissage en commun le 22 juin \u00e0 partir de 11h.<\/h3>    <\/div>\n<\/div>\n<!-- \/module text -->        <\/div>\n                        <\/div>\n        <\/div>\n                        <div  data-lazy=\"1\" class=\"module_row themify_builder_row tb_7ddw10 tf_w\">\n                        <div class=\"row_inner col_align_top tb_col_count_2 tf_box tf_rel\">\n                        <div  data-lazy=\"1\" class=\"module_column tb-column col4-2 tb_up9v10 first\">\n                    <!-- module text -->\n<div  class=\"module module-text tb_4uh8702   \" data-lazy=\"1\">\n        <div  class=\"tb_text_wrap\">\n        <h2>Cette exposition comprendra :<\/h2>\n<ul>\n<li style=\"list-style-type: none;\">\n<ul>\n<li style=\"list-style-type: none;\">\n<ul>\n<li>Vingt cinq \u0153uvres imprim\u00e9es en grand format sur b\u00e2che 120 x 80 cm.<\/li>\n<li>Et une trentaine de photo sur Dibon en 60 x 80 cm.<\/li>\n<\/ul>\n<\/li>\n<\/ul>\n<\/li>\n<\/ul>    <\/div>\n<\/div>\n<!-- \/module text --><!-- module divider -->\n<div  class=\"module tf_mw module-divider tb_xhi5399 solid   \" style=\"border-width: 1px;border-color: #000;\" data-lazy=\"1\">\n    <\/div>\n<!-- \/module divider -->\n<!-- module text -->\n<div  class=\"module module-text tb_ljjh860   \" data-lazy=\"1\">\n        <div  class=\"tb_text_wrap\">\n        <p><a href=\"https:\/\/www.amateurphoto.fr\/pvcc\/projet-compiegne-terre-de-jeux-2024\/\">Organisation, gestion du projet<\/a>, r\u00e9serv\u00e9 au club PVCC<\/p>    <\/div>\n<\/div>\n<!-- \/module text --><!-- module text -->\n<div  class=\"module module-text tb_ei19430   \" data-lazy=\"1\">\n        <div  class=\"tb_text_wrap\">\n        <p><a title=\"Chargement de vos images\" href=\"https:\/\/kdrive.infomaniak.com\/app\/collaborate\/857297\/6748c8e9-392f-4359-9bc1-634e41730b55\" target=\"_blank\" rel=\"noopener\">Lien de chargement des images vers kdrive :<\/a><\/p>    <\/div>\n<\/div>\n<!-- \/module text -->        <\/div>\n                    <div  data-lazy=\"1\" class=\"module_column tb-column col4-2 tb_4p8v221 last\">\n                    <!-- module image -->\n<div  class=\"module module-image tb_ud84630 image-top   tf_mw\" data-lazy=\"1\">\n        <div class=\"image-wrap tf_rel tf_mw\">\n            <img loading=\"lazy\" decoding=\"async\" src=\"http:\/\/www.amateurphoto.fr\/pvcc\/wp-content\/uploads\/2024\/03\/Compiegne-Terre-de-Jeux-BD.jpg\" width=\"400\" height=\"400\" alt=\"Compiegne Terre de Jeux 2024\">    \n        <\/div>\n    <!-- \/image-wrap -->\n    \n        <\/div>\n<!-- \/module image -->        <\/div>\n                        <\/div>\n        <\/div>\n        <\/div>\n<!--\/themify_builder_content-->","protected":false},"excerpt":{"rendered":"<p>Compi\u00e8gne \u00ab\u00a0Terre de jeux 2024\u00a0\u00bb Les Archives Intercommunales r\u00e9alisent, du 22 juin au 1er septembre 2024, une r\u00e9trospective sur le sport des ann\u00e9es 1870 aux ann\u00e9es 60\/70, \u00e0 l&rsquo;Espace Saint-Pierre des Minimes : \u00ab\u00a0R\u00e9troSports\u00a0\u00bb Le Photo Vid\u00e9o Club de Compi\u00e8gne, en compl\u00e9mentarit\u00e9 des Archives de la Ville,&nbsp; a pour objectif de r\u00e9aliser une exposition qui &hellip; <a href=\"https:\/\/www.amateurphoto.fr\/pvcc\/compiegne-terre_de_jeux-2024\/\" class=\"more-link\">Continuer la lecture<span class=\"screen-reader-text\"> de &laquo;&nbsp;Compi\u00e8gne \u00ab\u00a0Terre_de_Jeux 2024\u00a0\u00bb&nbsp;&raquo;<\/span><\/a><\/p>\n","protected":false},"author":1,"featured_media":0,"parent":0,"menu_order":0,"comment_status":"closed","ping_status":"closed","template":"bt-no-sidebar-boxed.php","meta":{"ngg_post_thumbnail":0,"_vp_format_video_url":"","_vp_image_focal_point":[],"footnotes":""},"class_list":["post-8627","page","type-page","status-publish","hentry"],"aioseo_notices":[],"builder_content":"<h2>Compi\u00e8gne \"Terre de jeux 2024\"<\/h2> <p><strong>Les Archives Intercommunales<\/strong> r\u00e9alisent, du 22 juin au 1<sup>er<\/sup> septembre 2024, une r\u00e9trospective sur le sport des ann\u00e9es 1870 aux ann\u00e9es 60\/70, \u00e0 l'Espace Saint-Pierre des Minimes : \"<strong>R\u00e9troSports\"<\/strong><\/p> <p><strong>Le Photo Vid\u00e9o Club de Compi\u00e8gne<\/strong>, en compl\u00e9mentarit\u00e9 des Archives de la Ville,&nbsp; a pour objectif de r\u00e9aliser une exposition qui montre comment le sport aujourd'hui est g\u00e9n\u00e9rateur :<\/p> <ul> <li style=\"list-style-type: none;\"> <ul> <li>De lien social,<\/li> <li>Porteur de valeurs universelles,<\/li> <li>G\u00e9n\u00e9rateur d'engouement collectif,<\/li> <li>Vecteur de mixit\u00e9 sociale et interg\u00e9n\u00e9rationnelle<\/li> <\/ul> <\/li> <\/ul> <h3 style=\"text-align: left;\">La promenade Saint-Pierre des minimes sera le lieu de notre exposition,<br>Vernissage en commun le 22 juin \u00e0 partir de 11h.<\/h3>\n<h2>Cette exposition comprendra :<\/h2> <ul> <li style=\"list-style-type: none;\"> <ul> <li style=\"list-style-type: none;\"> <ul> <li>Vingt cinq \u0153uvres imprim\u00e9es en grand format sur b\u00e2che 120 x 80 cm.<\/li> <li>Et une trentaine de photo sur Dibon en 60 x 80 cm.<\/li> <\/ul> <\/li> <\/ul> <\/li> <\/ul>\n\n<p><a href=\"https:\/\/www.amateurphoto.fr\/pvcc\/projet-compiegne-terre-de-jeux-2024\/\">Organisation, gestion du projet<\/a>, r\u00e9serv\u00e9 au club PVCC<\/p>\n<p><a title=\"Chargement de vos images\" href=\"https:\/\/kdrive.infomaniak.com\/app\/collaborate\/857297\/6748c8e9-392f-4359-9bc1-634e41730b55\" target=\"_blank\" rel=\"noopener\">Lien de chargement des images vers kdrive :<\/a><\/p>\n<img src=\"http:\/\/www.amateurphoto.fr\/pvcc\/wp-content\/uploads\/2024\/03\/Compiegne-Terre-de-Jeux-BD.jpg\" width=\"400\" height=\"400\" alt=\"Compiegne Terre de Jeux 2024\">","_links":{"self":[{"href":"https:\/\/www.amateurphoto.fr\/pvcc\/wp-json\/wp\/v2\/pages\/8627","targetHints":{"allow":["GET"]}}],"collection":[{"href":"https:\/\/www.amateurphoto.fr\/pvcc\/wp-json\/wp\/v2\/pages"}],"about":[{"href":"https:\/\/www.amateurphoto.fr\/pvcc\/wp-json\/wp\/v2\/types\/page"}],"author":[{"embeddable":true,"href":"https:\/\/www.amateurphoto.fr\/pvcc\/wp-json\/wp\/v2\/users\/1"}],"replies":[{"embeddable":true,"href":"https:\/\/www.amateurphoto.fr\/pvcc\/wp-json\/wp\/v2\/comments?post=8627"}],"version-history":[{"count":3,"href":"https:\/\/www.amateurphoto.fr\/pvcc\/wp-json\/wp\/v2\/pages\/8627\/revisions"}],"predecessor-version":[{"id":8630,"href":"https:\/\/www.amateurphoto.fr\/pvcc\/wp-json\/wp\/v2\/pages\/8627\/revisions\/8630"}],"wp:attachment":[{"href":"https:\/\/www.amateurphoto.fr\/pvcc\/wp-json\/wp\/v2\/media?parent=8627"}],"curies":[{"name":"wp","href":"https:\/\/api.w.org\/{rel}","templated":true}]}}