{"id":78,"date":"2016-05-12T22:11:47","date_gmt":"2016-05-12T20:11:47","guid":{"rendered":"http:\/\/www.amateurphoto.fr\/pvcc\/?page_id=78"},"modified":"2023-01-16T16:11:19","modified_gmt":"2023-01-16T15:11:19","slug":"agenda","status":"publish","type":"page","link":"https:\/\/www.amateurphoto.fr\/pvcc\/agenda\/","title":{"rendered":"Agenda"},"content":{"rendered":"<h3 class=\"wp-block-heading\">L&rsquo;agenda d&rsquo;occupation du club, cliquez sur les libell\u00e9s pour plus de d\u00e9tails.<\/h3>\n\n\n\n<p>Si vous avez les droits pour modifier l&rsquo;agenda, cliquez sur le <strong><span style=\"font-size: 20px; color: #0000ff;\">+<\/span><\/strong> pour acc\u00e9der directement \u00e0 l&rsquo;agenda.<\/p>\n\n<!--themify_builder_content-->\n<div id=\"themify_builder_content-78\" data-postid=\"78\" class=\"themify_builder_content themify_builder_content-78 themify_builder tf_clear\">\n                    <div  data-lazy=\"1\" class=\"module_row themify_builder_row tb_lxi7239 tb_first tf_w\">\n                        <div class=\"row_inner col_align_top tb_col_count_1 tf_box tf_rel\">\n                        <div  data-lazy=\"1\" class=\"module_column tb-column col-full tb_bs6l239 first\">\n                    <!-- module text -->\n<div  class=\"module module-text tb_10zl996   \" data-lazy=\"1\">\n        <div  class=\"tb_text_wrap\">\n        <p><iframe loading=\"lazy\" style=\"border: 0;\" src=\"https:\/\/calendar.google.com\/calendar\/embed?src=pvcc.photo%40gmail.com&amp;ctz=Europe%2FParis\" width=\"800\" height=\"600\" frameborder=\"0\" scrolling=\"no\"><\/iframe><\/p>    <\/div>\n<\/div>\n<!-- \/module text -->        <\/div>\n                        <\/div>\n        <\/div>\n        <\/div>\n<!--\/themify_builder_content-->","protected":false},"excerpt":{"rendered":"<p>L&rsquo;agenda d&rsquo;occupation du club, cliquez sur les libell\u00e9s pour plus de d\u00e9tails. Si vous avez les droits pour modifier l&rsquo;agenda, cliquez sur le + pour acc\u00e9der directement \u00e0 l&rsquo;agenda.<\/p>\n","protected":false},"author":1,"featured_media":0,"parent":0,"menu_order":0,"comment_status":"closed","ping_status":"closed","template":"","meta":{"ngg_post_thumbnail":0,"_vp_format_video_url":"","_vp_image_focal_point":[],"footnotes":""},"class_list":["post-78","page","type-page","status-publish","hentry"],"aioseo_notices":[],"builder_content":"<p><iframe loading=\"lazy\" style=\"border: 0;\" src=\"https:\/\/calendar.google.com\/calendar\/embed?src=pvcc.photo%40gmail.com&amp;ctz=Europe%2FParis\" width=\"800\" height=\"600\" frameborder=\"0\" scrolling=\"no\"><\/iframe><\/p>","_links":{"self":[{"href":"https:\/\/www.amateurphoto.fr\/pvcc\/wp-json\/wp\/v2\/pages\/78","targetHints":{"allow":["GET"]}}],"collection":[{"href":"https:\/\/www.amateurphoto.fr\/pvcc\/wp-json\/wp\/v2\/pages"}],"about":[{"href":"https:\/\/www.amateurphoto.fr\/pvcc\/wp-json\/wp\/v2\/types\/page"}],"author":[{"embeddable":true,"href":"https:\/\/www.amateurphoto.fr\/pvcc\/wp-json\/wp\/v2\/users\/1"}],"replies":[{"embeddable":true,"href":"https:\/\/www.amateurphoto.fr\/pvcc\/wp-json\/wp\/v2\/comments?post=78"}],"version-history":[{"count":39,"href":"https:\/\/www.amateurphoto.fr\/pvcc\/wp-json\/wp\/v2\/pages\/78\/revisions"}],"predecessor-version":[{"id":4137,"href":"https:\/\/www.amateurphoto.fr\/pvcc\/wp-json\/wp\/v2\/pages\/78\/revisions\/4137"}],"wp:attachment":[{"href":"https:\/\/www.amateurphoto.fr\/pvcc\/wp-json\/wp\/v2\/media?parent=78"}],"curies":[{"name":"wp","href":"https:\/\/api.w.org\/{rel}","templated":true}]}}