{"id":7394,"date":"2023-11-21T22:04:00","date_gmt":"2023-11-21T21:04:00","guid":{"rendered":"https:\/\/www.amateurphoto.fr\/pvcc\/?page_id=7394"},"modified":"2023-11-21T22:04:01","modified_gmt":"2023-11-21T21:04:01","slug":"portfolio-alain-cordina","status":"publish","type":"page","link":"https:\/\/www.amateurphoto.fr\/pvcc\/portfolio-alain-cordina\/","title":{"rendered":"Portfolio Alain Cordina"},"content":{"rendered":"<!--themify_builder_content-->\n<div id=\"themify_builder_content-7394\" data-postid=\"7394\" class=\"themify_builder_content themify_builder_content-7394 themify_builder tf_clear\">\n                    <div  data-lazy=\"1\" class=\"module_row themify_builder_row tb_ghhy54 tb_first tf_w\">\n                        <div class=\"row_inner col_align_top tb_col_count_1 tf_box tf_rel\">\n                        <div  data-lazy=\"1\" class=\"module_column tb-column col-full tb_o7gh54 first\">\n                    <!-- module text -->\n<div  class=\"module module-text tb_deaj623   \" data-lazy=\"1\">\n        <div  class=\"tb_text_wrap\">\n        <h2>COUNTRY ATTITUDE&nbsp; &#8211;&nbsp; Mirande&nbsp; 2010<\/h2>\n<p>Depuis 1993 la ville de Mirande organise un festival international de musique Country.<br>Les amoureux de la danse en ligne se retrouvent tous les ans en juillet dans&nbsp; cette sous-pr\u00e9fecture du Gers pour s\u2019adonner \u00e0 leur passion.<br>L\u2019ambiance y est festive et bon enfant et propice \u00e0 la capture de portraits sous le soleil du sud-ouest.<br>Afin de conserver la force de l\u2019\u00e9motion, j\u2019ai fait le choix de traiter le th\u00e8me en N&amp;B.<br>La musique country est un m\u00e9lange de musiques traditionnelles d\u00e9velopp\u00e9 principalement dans le sud-est des \u00c9tats-Unis et dans les provinces maritimes du Canada, mais aussi en Europe comme en Irlande ou dans le nord des Pays-Bas. La country a \u00e9volu\u00e9 rapidement dans les ann\u00e9es 1920 et reste tr\u00e8s populaire aujourd&rsquo;hui.<\/p>\n<p>&nbsp;<\/p>    <\/div>\n<\/div>\n<!-- \/module text -->        <\/div>\n                        <\/div>\n        <\/div>\n                        <div  data-lazy=\"1\" class=\"module_row themify_builder_row tb_ixgs892 tf_w\">\n                        <div class=\"row_inner col_align_top tb_col_count_1 tf_box tf_rel\">\n                        <div  data-lazy=\"1\" class=\"module_column tb-column col-full tb_2ph6894 first\">\n                    <!-- module text -->\n<div  class=\"module module-text tb_3ybm867   \" data-lazy=\"1\">\n        <div  class=\"tb_text_wrap\">\n        ngg_shortcode_0_placeholder\n    <\/div>\n<\/div>\n<!-- \/module text -->        <\/div>\n                        <\/div>\n        <\/div>\n        <\/div>\n<!--\/themify_builder_content-->","protected":false},"excerpt":{"rendered":"<p>COUNTRY ATTITUDE&nbsp; &#8211;&nbsp; Mirande&nbsp; 2010 Depuis 1993 la ville de Mirande organise un festival international de musique Country.Les amoureux de la danse en ligne se retrouvent tous les ans en juillet dans&nbsp; cette sous-pr\u00e9fecture du Gers pour s\u2019adonner \u00e0 leur passion.L\u2019ambiance y est festive et bon enfant et propice \u00e0 la capture de portraits sous &hellip; <a href=\"https:\/\/www.amateurphoto.fr\/pvcc\/portfolio-alain-cordina\/\" class=\"more-link\">Continuer la lecture<span class=\"screen-reader-text\"> de &laquo;&nbsp;Portfolio Alain Cordina&nbsp;&raquo;<\/span><\/a><\/p>\n","protected":false},"author":1,"featured_media":0,"parent":0,"menu_order":0,"comment_status":"closed","ping_status":"closed","template":"bt-no-sidebar-boxed.php","meta":{"ngg_post_thumbnail":0,"_vp_format_video_url":"","_vp_image_focal_point":[],"footnotes":""},"class_list":["post-7394","page","type-page","status-publish","hentry"],"aioseo_notices":[],"builder_content":"<h2>COUNTRY ATTITUDE&nbsp; -&nbsp; Mirande&nbsp; 2010<\/h2> <p>Depuis 1993 la ville de Mirande organise un festival international de musique Country.<br>Les amoureux de la danse en ligne se retrouvent tous les ans en juillet dans&nbsp; cette sous-pr\u00e9fecture du Gers pour s\u2019adonner \u00e0 leur passion.<br>L\u2019ambiance y est festive et bon enfant et propice \u00e0 la capture de portraits sous le soleil du sud-ouest.<br>Afin de conserver la force de l\u2019\u00e9motion, j\u2019ai fait le choix de traiter le th\u00e8me en N&amp;B.<br>La musique country est un m\u00e9lange de musiques traditionnelles d\u00e9velopp\u00e9 principalement dans le sud-est des \u00c9tats-Unis et dans les provinces maritimes du Canada, mais aussi en Europe comme en Irlande ou dans le nord des Pays-Bas. La country a \u00e9volu\u00e9 rapidement dans les ann\u00e9es 1920 et reste tr\u00e8s populaire aujourd'hui.<\/p> <p>&nbsp;<\/p>\n<p>[ngg src=\"galleries\" ids=\"50\" display=\"pro_mosaic\"]<\/p>","_links":{"self":[{"href":"https:\/\/www.amateurphoto.fr\/pvcc\/wp-json\/wp\/v2\/pages\/7394","targetHints":{"allow":["GET"]}}],"collection":[{"href":"https:\/\/www.amateurphoto.fr\/pvcc\/wp-json\/wp\/v2\/pages"}],"about":[{"href":"https:\/\/www.amateurphoto.fr\/pvcc\/wp-json\/wp\/v2\/types\/page"}],"author":[{"embeddable":true,"href":"https:\/\/www.amateurphoto.fr\/pvcc\/wp-json\/wp\/v2\/users\/1"}],"replies":[{"embeddable":true,"href":"https:\/\/www.amateurphoto.fr\/pvcc\/wp-json\/wp\/v2\/comments?post=7394"}],"version-history":[{"count":4,"href":"https:\/\/www.amateurphoto.fr\/pvcc\/wp-json\/wp\/v2\/pages\/7394\/revisions"}],"predecessor-version":[{"id":7398,"href":"https:\/\/www.amateurphoto.fr\/pvcc\/wp-json\/wp\/v2\/pages\/7394\/revisions\/7398"}],"wp:attachment":[{"href":"https:\/\/www.amateurphoto.fr\/pvcc\/wp-json\/wp\/v2\/media?parent=7394"}],"curies":[{"name":"wp","href":"https:\/\/api.w.org\/{rel}","templated":true}]}}