{"id":7322,"date":"2023-11-21T15:47:01","date_gmt":"2023-11-21T14:47:01","guid":{"rendered":"https:\/\/www.amateurphoto.fr\/pvcc\/?page_id=7322"},"modified":"2023-11-21T15:54:06","modified_gmt":"2023-11-21T14:54:06","slug":"portfolio-michel-lardenois","status":"publish","type":"page","link":"https:\/\/www.amateurphoto.fr\/pvcc\/portfolio-michel-lardenois\/","title":{"rendered":"Portfolio Michel Lardenois"},"content":{"rendered":"<!--themify_builder_content-->\n<div id=\"themify_builder_content-7322\" data-postid=\"7322\" class=\"themify_builder_content themify_builder_content-7322 themify_builder tf_clear\">\n                    <div  data-lazy=\"1\" class=\"module_row themify_builder_row tb_ghhy54 tb_first tf_w\">\n                        <div class=\"row_inner col_align_top tb_col_count_1 tf_box tf_rel\">\n                        <div  data-lazy=\"1\" class=\"module_column tb-column col-full tb_o7gh54 first\">\n                    <!-- module text -->\n<div  class=\"module module-text tb_deaj623   \" data-lazy=\"1\">\n        <div  class=\"tb_text_wrap\">\n        <p>Ferm\u00e9e en 2016, la maison d\u2019arr\u00eat de Compi\u00e8gne a rouvert ses portes&nbsp; en septembre 2023 \u00e0 l\u2019occasion d\u2019une exposition.<br>Le public a pu d\u00e9couvrir les \u0153uvres expos\u00e9es dans un b\u00e2timent porteur des marques du temps et des traces laiss\u00e9es par les d\u00e9tenus.<br>La confrontation des \u0153uvres et l\u2019univers carc\u00e9ral \u00e9tant particuli\u00e8rement forte.&nbsp;<\/p>    <\/div>\n<\/div>\n<!-- \/module text -->        <\/div>\n                        <\/div>\n        <\/div>\n                        <div  data-lazy=\"1\" class=\"module_row themify_builder_row tb_ixgs892 tf_w\">\n                        <div class=\"row_inner col_align_top tb_col_count_1 tf_box tf_rel\">\n                        <div  data-lazy=\"1\" class=\"module_column tb-column col-full tb_2ph6894 first\">\n                    <!-- module text -->\n<div  class=\"module module-text tb_3ybm867   \" data-lazy=\"1\">\n        <div  class=\"tb_text_wrap\">\n        ngg_shortcode_0_placeholder\n    <\/div>\n<\/div>\n<!-- \/module text -->        <\/div>\n                        <\/div>\n        <\/div>\n        <\/div>\n<!--\/themify_builder_content-->","protected":false},"excerpt":{"rendered":"<p>Ferm\u00e9e en 2016, la maison d\u2019arr\u00eat de Compi\u00e8gne a rouvert ses portes&nbsp; en septembre 2023 \u00e0 l\u2019occasion d\u2019une exposition.Le public a pu d\u00e9couvrir les \u0153uvres expos\u00e9es dans un b\u00e2timent porteur des marques du temps et des traces laiss\u00e9es par les d\u00e9tenus.La confrontation des \u0153uvres et l\u2019univers carc\u00e9ral \u00e9tant particuli\u00e8rement forte.&nbsp;<\/p>\n","protected":false},"author":1,"featured_media":0,"parent":0,"menu_order":0,"comment_status":"closed","ping_status":"closed","template":"bt-no-sidebar-boxed.php","meta":{"ngg_post_thumbnail":0,"_vp_format_video_url":"","_vp_image_focal_point":[],"footnotes":""},"class_list":["post-7322","page","type-page","status-publish","hentry"],"aioseo_notices":[],"builder_content":"<p>Ferm\u00e9e en 2016, la maison d\u2019arr\u00eat de Compi\u00e8gne a rouvert ses portes&nbsp; en septembre 2023 \u00e0 l\u2019occasion d\u2019une exposition.<br>Le public a pu d\u00e9couvrir les \u0153uvres expos\u00e9es dans un b\u00e2timent porteur des marques du temps et des traces laiss\u00e9es par les d\u00e9tenus.<br>La confrontation des \u0153uvres et l\u2019univers carc\u00e9ral \u00e9tant particuli\u00e8rement forte.&nbsp;<\/p>\n<p>[ngg src=\"galleries\" ids=\"49\" display=\"pro_mosaic\"]<\/p>","_links":{"self":[{"href":"https:\/\/www.amateurphoto.fr\/pvcc\/wp-json\/wp\/v2\/pages\/7322","targetHints":{"allow":["GET"]}}],"collection":[{"href":"https:\/\/www.amateurphoto.fr\/pvcc\/wp-json\/wp\/v2\/pages"}],"about":[{"href":"https:\/\/www.amateurphoto.fr\/pvcc\/wp-json\/wp\/v2\/types\/page"}],"author":[{"embeddable":true,"href":"https:\/\/www.amateurphoto.fr\/pvcc\/wp-json\/wp\/v2\/users\/1"}],"replies":[{"embeddable":true,"href":"https:\/\/www.amateurphoto.fr\/pvcc\/wp-json\/wp\/v2\/comments?post=7322"}],"version-history":[{"count":4,"href":"https:\/\/www.amateurphoto.fr\/pvcc\/wp-json\/wp\/v2\/pages\/7322\/revisions"}],"predecessor-version":[{"id":7330,"href":"https:\/\/www.amateurphoto.fr\/pvcc\/wp-json\/wp\/v2\/pages\/7322\/revisions\/7330"}],"wp:attachment":[{"href":"https:\/\/www.amateurphoto.fr\/pvcc\/wp-json\/wp\/v2\/media?parent=7322"}],"curies":[{"name":"wp","href":"https:\/\/api.w.org\/{rel}","templated":true}]}}