{"id":7168,"date":"2023-11-11T10:37:11","date_gmt":"2023-11-11T09:37:11","guid":{"rendered":"https:\/\/www.amateurphoto.fr\/pvcc\/?page_id=7168"},"modified":"2024-10-10T19:19:05","modified_gmt":"2024-10-10T17:19:05","slug":"kdrive","status":"publish","type":"page","link":"https:\/\/www.amateurphoto.fr\/pvcc\/kdrive\/","title":{"rendered":"Kdrive"},"content":{"rendered":"","protected":true},"excerpt":{"rendered":"","protected":true},"author":1,"featured_media":0,"parent":0,"menu_order":0,"comment_status":"closed","ping_status":"closed","template":"bt-no-sidebar-boxed.php","meta":{"ngg_post_thumbnail":0,"_vp_format_video_url":"","_vp_image_focal_point":[],"footnotes":""},"class_list":["post-7168","page","type-page","status-publish","post-password-required","hentry"],"aioseo_notices":[],"builder_content":"<h3>Retrouvez ci-apr\u00e8s les liens pour t\u00e9l\u00e9charger vos images en fonction des diff\u00e9rents th\u00e8mes :<\/h3> <p>Vous n'\u00eates pas oblig\u00e9s de charger toutes vos images en m\u00eame temps, vous pouvez proc\u00e9der par \u00e9tapes, vous devez simplement respecter l'orthographe de votre nom\/pr\u00e9nom et l'utilisation de la m\u00eame adresse mail.<\/p>\n<h3 style=\"text-align: center;\">Vendredi 11 octobre 2024 - Th\u00e8me couleur.<\/h3> <p style=\"text-align: center;\">S\u00e9lectionnez de 5 a 10 photos avec les couleurs \u00e9clatantes et\/ou la couleur fait la photo<\/p>\n<p style=\"text-align: center;\">Lien de <a href=\"https:\/\/kdrive.infomaniak.com\/app\/collaborate\/857297\/cb9bda5e-1d2d-43b2-8b42-72736b232630\" target=\"_blank\" rel=\"noopener\">chargement kDrive<\/a><\/p>\n<h3 style=\"text-align: center;\">&nbsp;Vendredi 18 octobre 2024, th\u00e8me libre<\/h3> <p style=\"text-align: center;\">Merci de ne pas d\u00e9passer 10 images en chargement<\/p>\n<p style=\"text-align: center;\">Lien de <a href=\"https:\/\/kdrive.infomaniak.com\/app\/collaborate\/857297\/1e7df3fa-ad4b-478d-8d14-431416caa0d4\" target=\"_blank\" rel=\"noopener\">chargement kDrive<\/a><\/p>\n<h3 style=\"text-align: center;\">&nbsp;vendredi 26 octobre 2024 - Couleurs d'automne\/Champignons,<\/h3> <p style=\"text-align: center;\">Merci de ne pas d\u00e9passer 10 images en chargement<\/p>\n<p style=\"text-align: center;\">Lien de <a href=\"https:\/\/kdrive.infomaniak.com\/app\/collaborate\/857297\/bce16597-fe7d-4eb6-b20e-f491bbe5fd2e\" target=\"_blank\" rel=\"noopener\">chargement kDrive<\/a><\/p>","_links":{"self":[{"href":"https:\/\/www.amateurphoto.fr\/pvcc\/wp-json\/wp\/v2\/pages\/7168","targetHints":{"allow":["GET"]}}],"collection":[{"href":"https:\/\/www.amateurphoto.fr\/pvcc\/wp-json\/wp\/v2\/pages"}],"about":[{"href":"https:\/\/www.amateurphoto.fr\/pvcc\/wp-json\/wp\/v2\/types\/page"}],"author":[{"embeddable":true,"href":"https:\/\/www.amateurphoto.fr\/pvcc\/wp-json\/wp\/v2\/users\/1"}],"replies":[{"embeddable":true,"href":"https:\/\/www.amateurphoto.fr\/pvcc\/wp-json\/wp\/v2\/comments?post=7168"}],"version-history":[{"count":32,"href":"https:\/\/www.amateurphoto.fr\/pvcc\/wp-json\/wp\/v2\/pages\/7168\/revisions"}],"predecessor-version":[{"id":9086,"href":"https:\/\/www.amateurphoto.fr\/pvcc\/wp-json\/wp\/v2\/pages\/7168\/revisions\/9086"}],"wp:attachment":[{"href":"https:\/\/www.amateurphoto.fr\/pvcc\/wp-json\/wp\/v2\/media?parent=7168"}],"curies":[{"name":"wp","href":"https:\/\/api.w.org\/{rel}","templated":true}]}}