{"id":6898,"date":"2023-10-24T13:13:01","date_gmt":"2023-10-24T11:13:01","guid":{"rendered":"https:\/\/www.amateurphoto.fr\/pvcc\/?page_id=6898"},"modified":"2024-10-07T07:37:59","modified_gmt":"2024-10-07T05:37:59","slug":"gestion-exposition-arret-sur-image-2025","status":"publish","type":"page","link":"https:\/\/www.amateurphoto.fr\/pvcc\/gestion-exposition-arret-sur-image-2025\/","title":{"rendered":"Gestion exposition \u00ab\u00a0Arr\u00eat sur Image\u00a0\u00bb 2025"},"content":{"rendered":"","protected":true},"excerpt":{"rendered":"","protected":true},"author":1,"featured_media":0,"parent":0,"menu_order":0,"comment_status":"closed","ping_status":"closed","template":"bt-no-sidebar-boxed.php","meta":{"ngg_post_thumbnail":0,"_vp_format_video_url":"","_vp_image_focal_point":[],"footnotes":""},"class_list":["post-6898","page","type-page","status-publish","post-password-required","hentry"],"aioseo_notices":[],"builder_content":"<h2>Retrouvez ci-apr\u00e8s les liens pour assurer la gestion de l'exposition :<\/h2>\n<h2>Un responsable par th\u00e8me<\/h2>\n<p>Planning des t\u00e2ches \u00e0 r\u00e9aliser<\/p> <p style=\"text-align: center;\"><a href=\"https:\/\/docs.google.com\/spreadsheets\/d\/11g-MNOkZBP5QiURQpZRXKCHDo36WEL_e\/edit?usp=sharing&amp;ouid=101355755554681194532&amp;rtpof=true&amp;sd=true\" target=\"_blank\" rel=\"noopener\">Tableau \u00e0 mettre \u00e0 jour<\/a> <br>au fur \u00e0 mesure de l'avancement<\/p>\n<p>Qui expose ? Renseignez le nombre de photo et les besoins d'impressions et de cadres.<\/p> <p style=\"text-align: center;\"><a href=\"https:\/\/docs.google.com\/spreadsheets\/d\/1SC3BwBbOS6Bmvkimgdn23VSJnJFeCr5ucJ_fQSh3DhU\/edit?usp=sharing\" target=\"_blank\" rel=\"noopener\">Acc\u00e9dez au tableau<\/a><\/p>\n<p style=\"text-align: center;\">Dernier d\u00e9lai pour vous inscrire :<br><strong>30 avril 2025<\/strong><\/p>\n<p>Planning permanences de l'exposition, au minimum deux personnes pr\u00e9sentes sur chaque cr\u00e9neau horaire.<\/p> <p style=\"text-align: center;\"><a href=\"https:\/\/docs.google.com\/spreadsheets\/d\/1iqqCZrpSNLEyitYvb2AayiFi_ULbpbACgN4X-8wmom4\/edit?usp=sharing\" target=\"_blank\" rel=\"noopener\">Tableau \u00e0 compl\u00e9ter<\/a><\/p>\n<p>Vernissage, remplissez ce que vous apportez. Le club se charge de la partie boissons :<\/p> <p style=\"text-align: center;\"><a href=\"https:\/\/docs.google.com\/spreadsheets\/d\/1o_qtOx4ygG8fNeta6s5zdZ3c3KrNCD8kHv8VcTZKMDc\/edit?usp=sharing\" target=\"_blank\" rel=\"noopener\">Gestion des petits fours<\/a><\/p>\n<p><img decoding=\"async\" src=\"http:\/\/www.amateurphoto.fr\/pvcc\/wp-content\/uploads\/2023\/05\/Fleche_droite.gif\" alt=\"\">&nbsp;Si j'expose, je m'organise pour accrocher mes photos, \u00e0 d\u00e9faut je missionne une personne qui prend en charge le positionnement.<\/p>\n<h2>Communication :<\/h2>\n<p><a href=\"https:\/\/drive.google.com\/drive\/u\/1\/folders\/1WtZYTgL35IOhgqGbwgIrqYl5PPWnfA4z\" target=\"_blank\" rel=\"noopener\">L'affiche de l'exposition<\/a> en grand format et en format r\u00e9duit pour communication par mail.<\/p>\n<h5>Commande de 1000 flyers \u00e0 destination de :<\/h5> <ul> <li style=\"list-style-type: none;\"> <ul> <li><strong>L'Office du tourisme :<\/strong> donner des flyers et une affiche A4 de l'expo.<\/li> <li>La biblioth\u00e9que de Saint-Corneille, de Margny-l\u00e8s-Compi\u00e8gne...<\/li> <\/ul> <\/li> <\/ul>\n<h5>Le carton d'invitation au vernissage de l'exposition.<\/h5> <p><a href=\"https:\/\/drive.google.com\/drive\/u\/1\/folders\/1WtZYTgL35IOhgqGbwgIrqYl5PPWnfA4z\" target=\"_blank\" rel=\"noopener\">A imprimer ou \u00e0 communiquer par mail<\/a> au plus grand nombre de personnes.<br>Invitation des officiels par le pr\u00e9sident du club.<\/p>\n<h2>Courriers Monsieur le Maire :<\/h2> <p>Apr\u00e8s s'\u00eatre assur\u00e9 des disponibilit\u00e9s des salles Saint-Nicolas aupr\u00e8s de madame Souyri,&nbsp; (t\u00e9l. 03 44 23 47 85 \/ <a href=\"mailto:marie-helene.souyri@mairie-compiegne.fr\">marie-helene.souyri@mairie-compiegne.fr<\/a> ), il faut confirmer par <a href=\"https:\/\/drive.google.com\/drive\/u\/1\/folders\/1KogH2RugeVeCkgBYOlNIzDqNTpJ_QQ6B\" target=\"_blank\" rel=\"noopener\">lettre<\/a> \u00e0 M. le Maire qui valide la r\u00e9servation.<\/p> <ol> <li style=\"list-style-type: none;\"> <ol> <li>Lettre de confirmation de r\u00e9servation des salles Saint-Nicolas.<\/li> <li>Un mois avant la date de l'exposition, envoyer une lettre \u00e0 M. le Maire, pour demander l'autorisation d'un marquage au sol et l'installation, par les services techniques, des panneaux de l'expo sur les ronds-points de Compi\u00e8gne.<\/li> <\/ol> <\/li> <\/ol>\n<h2>Compi\u00e8gne notre ville :<\/h2> <p>Pour figurer dans Compi\u00e8gne notre ville, il faut envoyer \u00e0 Madame Christine Hautrive, un texte de pr\u00e9sentation de l'expo et l'affiche au format pdf ( <a href=\"mailto: christine.hautrive@agglo-compiegne.fr\">christine.hautrive@agglo-compiegne.fr<\/a> ) 2 mois avant la date de l'expo, soit vers le 15 mars 2025<\/p>","_links":{"self":[{"href":"https:\/\/www.amateurphoto.fr\/pvcc\/wp-json\/wp\/v2\/pages\/6898","targetHints":{"allow":["GET"]}}],"collection":[{"href":"https:\/\/www.amateurphoto.fr\/pvcc\/wp-json\/wp\/v2\/pages"}],"about":[{"href":"https:\/\/www.amateurphoto.fr\/pvcc\/wp-json\/wp\/v2\/types\/page"}],"author":[{"embeddable":true,"href":"https:\/\/www.amateurphoto.fr\/pvcc\/wp-json\/wp\/v2\/users\/1"}],"replies":[{"embeddable":true,"href":"https:\/\/www.amateurphoto.fr\/pvcc\/wp-json\/wp\/v2\/comments?post=6898"}],"version-history":[{"count":46,"href":"https:\/\/www.amateurphoto.fr\/pvcc\/wp-json\/wp\/v2\/pages\/6898\/revisions"}],"predecessor-version":[{"id":8788,"href":"https:\/\/www.amateurphoto.fr\/pvcc\/wp-json\/wp\/v2\/pages\/6898\/revisions\/8788"}],"wp:attachment":[{"href":"https:\/\/www.amateurphoto.fr\/pvcc\/wp-json\/wp\/v2\/media?parent=6898"}],"curies":[{"name":"wp","href":"https:\/\/api.w.org\/{rel}","templated":true}]}}