{"id":6451,"date":"2023-06-21T16:21:06","date_gmt":"2023-06-21T14:21:06","guid":{"rendered":"https:\/\/www.amateurphoto.fr\/pvcc\/?page_id=6451"},"modified":"2023-06-21T19:17:08","modified_gmt":"2023-06-21T17:17:08","slug":"raid-imperial-compiegnois-2023","status":"publish","type":"page","link":"https:\/\/www.amateurphoto.fr\/pvcc\/raid-imperial-compiegnois-2023\/","title":{"rendered":"Raid Imp\u00e9rial Compi\u00e8gnois 2023"},"content":{"rendered":"<!--themify_builder_content-->\n<div id=\"themify_builder_content-6451\" data-postid=\"6451\" class=\"themify_builder_content themify_builder_content-6451 themify_builder tf_clear\">\n                    <div  data-css_id=\"h7qn693\" data-lazy=\"1\" class=\"module_row themify_builder_row fullwidth tb_h7qn693 tb_first tf_w wow\" data-tf-animation=\"slideInRight\">\n                        <div class=\"row_inner col_align_top tb_col_count_1 tf_box tf_rel\">\n                        <div  data-lazy=\"1\" class=\"module_column tb-column col-full tb_buse693 first\">\n                    <div  class=\"module themify_builder_slider_wrap tf_clearfix module-slider tb_1eaw693  slider-caption-overlay themify_builder_slider_vertical  wow\" data-tf-animation=\"slideInRight\" data-lazy=\"1\">\n        <div class=\"themify_builder_slider tf_carousel tf_swiper-container tf_rel tf_overflow\" data-lazy=\"1\"        data-visible=\"1\"\n        data-tab-visible=\"1\"\n        data-mob-visible=\"1\"\n        data-scroll=\"2\"\n                    data-nav_out=\"1\"\n                            data-auto=\"4000\"\n            data-controller=\"0\"\n            data-pause_hover=\"1\"\n                data-speed=\"normal\"\n        data-wrapvar=\"1\"\n        data-slider_nav=\"1\"\n        data-pager=\"1\"\n        data-effect=\"scroll\" \n        data-height=\"variable\"\n        data-css_url=\"https:\/\/www.amateurphoto.fr\/pvcc\/wp-content\/plugins\/themify-builder\/css\/modules\/sliders\/carousel,https:\/\/www.amateurphoto.fr\/pvcc\/wp-content\/plugins\/themify-builder\/css\/modules\/sliders\/slider\"\n                    >\n        <div class=\"tf_swiper-wrapper tf_lazy tf_rel tf_w tf_h tf_textc\">\n                         <div class=\"tf_swiper-slide\">            <div class=\"slide-inner-wrap\" style=\"margin-left:5px;margin-right:5px;\">\n                                    <div class=\"tf_rel tf_lazy slide-image\">\n                                                                            <img src=\"data:image\/svg+xml,%3Csvg%20xmlns=%27http:\/\/www.w3.org\/2000\/svg%27%20width='1404'%20height='1404'%20viewBox=%270%200%201404%201404%27%3E%3C\/svg%3E\" loading=\"lazy\" data-lazy=\"1\" data-tf-not-load=\"1\" class=\"tf_svg_lazy\" decoding=\"async\" data-tf-src=\"http:\/\/www.amateurphoto.fr\/pvcc\/wp-content\/uploads\/2023\/06\/TTC0180-Panorama.jpg\" width=\"1404\" height=\"711\" alt=\"RIC 2023\"><noscript><img loading=\"lazy\" decoding=\"async\" data-tf-not-load data-no-script src=\"http:\/\/www.amateurphoto.fr\/pvcc\/wp-content\/uploads\/2023\/06\/TTC0180-Panorama.jpg\" width=\"1404\" height=\"711\" alt=\"RIC 2023\"><\/noscript>                                            <\/div>\n                \n                                    <div class=\"slide-content tb_text_wrap\">\n                                                                                <h3 class=\"slide-title\">\n                                                                    RIC 2023                                                            <\/h3>\n                        \n                                            <\/div>\n                            <\/div>\n        <\/div>                     <div class=\"tf_swiper-slide\" style=\"content-visibility:hidden\">            <div class=\"slide-inner-wrap\" style=\"margin-left:5px;margin-right:5px;\">\n                                    <div class=\"tf_rel tf_lazy slide-image\">\n                                                                            <img src=\"data:image\/svg+xml,%3Csvg%20xmlns=%27http:\/\/www.w3.org\/2000\/svg%27%20width='1404'%20height='1404'%20viewBox=%270%200%201404%201404%27%3E%3C\/svg%3E\" loading=\"lazy\" data-lazy=\"1\" data-tf-not-load=\"1\" class=\"tf_svg_lazy\" decoding=\"async\" data-tf-src=\"http:\/\/www.amateurphoto.fr\/pvcc\/wp-content\/uploads\/2023\/06\/TTC0192_RIC-2023-2.jpg\" width=\"1404\" height=\"711\" alt=\"Raid Imp\u00e9rial Compi\u00e8gnois 2023\"><noscript><img loading=\"lazy\" decoding=\"async\" data-tf-not-load data-no-script src=\"http:\/\/www.amateurphoto.fr\/pvcc\/wp-content\/uploads\/2023\/06\/TTC0192_RIC-2023-2.jpg\" width=\"1404\" height=\"711\" alt=\"Raid Imp\u00e9rial Compi\u00e8gnois 2023\"><\/noscript>                                            <\/div>\n                \n                                    <div class=\"slide-content tb_text_wrap\">\n                                                                                <h3 class=\"slide-title\">\n                                                                    Raid Imp\u00e9rial Compi\u00e8gnois 2023                                                            <\/h3>\n                        \n                                            <\/div>\n                            <\/div>\n        <\/div>                     <div class=\"tf_swiper-slide\" style=\"content-visibility:hidden\">            <div class=\"slide-inner-wrap\" style=\"margin-left:5px;margin-right:5px;\">\n                                    <div class=\"tf_rel tf_lazy slide-image\">\n                                                                            <img src=\"data:image\/svg+xml,%3Csvg%20xmlns=%27http:\/\/www.w3.org\/2000\/svg%27%20width='1404'%20height='1404'%20viewBox=%270%200%201404%201404%27%3E%3C\/svg%3E\" loading=\"lazy\" data-lazy=\"1\" data-tf-not-load=\"1\" class=\"tf_svg_lazy\" decoding=\"async\" data-tf-src=\"http:\/\/www.amateurphoto.fr\/pvcc\/wp-content\/uploads\/2023\/06\/TTC0196_RIC-2023-2.jpg\" width=\"1404\" height=\"711\" alt=\"RIC 2023 le Village\"><noscript><img loading=\"lazy\" decoding=\"async\" data-tf-not-load data-no-script src=\"http:\/\/www.amateurphoto.fr\/pvcc\/wp-content\/uploads\/2023\/06\/TTC0196_RIC-2023-2.jpg\" width=\"1404\" height=\"711\" alt=\"RIC 2023 le Village\"><\/noscript>                                            <\/div>\n                \n                                    <div class=\"slide-content tb_text_wrap\">\n                                                                                <h3 class=\"slide-title\">\n                                                                    RIC 2023 le Village                                                            <\/h3>\n                        \n                                            <\/div>\n                            <\/div>\n        <\/div>                     <div class=\"tf_swiper-slide\" style=\"content-visibility:hidden\">            <div class=\"slide-inner-wrap\" style=\"margin-left:5px;margin-right:5px;\">\n                                    <div class=\"tf_rel tf_lazy slide-image\">\n                                                                            <img src=\"data:image\/svg+xml,%3Csvg%20xmlns=%27http:\/\/www.w3.org\/2000\/svg%27%20width='1404'%20height='1404'%20viewBox=%270%200%201404%201404%27%3E%3C\/svg%3E\" loading=\"lazy\" data-lazy=\"1\" data-tf-not-load=\"1\" class=\"tf_svg_lazy\" decoding=\"async\" data-tf-src=\"http:\/\/www.amateurphoto.fr\/pvcc\/wp-content\/uploads\/2023\/06\/TTC0237_RIC-2023-2.jpg\" width=\"1404\" height=\"711\" title=\"Raid Imp\u00e9rial Compi\u00e8gnois 2023\" alt=\"Raid Imp\u00e9rial Compi\u00e8gnois 2023\"><noscript><img loading=\"lazy\" decoding=\"async\" data-tf-not-load data-no-script src=\"http:\/\/www.amateurphoto.fr\/pvcc\/wp-content\/uploads\/2023\/06\/TTC0237_RIC-2023-2.jpg\" width=\"1404\" height=\"711\" title=\"Raid Imp\u00e9rial Compi\u00e8gnois 2023\" alt=\"Raid Imp\u00e9rial Compi\u00e8gnois 2023\"><\/noscript>                                            <\/div>\n                \n                            <\/div>\n        <\/div>            <\/div>\n    <\/div>\n<\/div>\n        <\/div>\n                        <\/div>\n        <\/div>\n                        <div  data-lazy=\"1\" class=\"module_row themify_builder_row tb_uncn693 tf_w\">\n                        <div class=\"row_inner col_align_top tb_col_count_2 tf_box tf_rel\">\n                        <div  data-lazy=\"1\" class=\"module_column tb-column col4-2 tb_2zsr693 first\">\n                    <!-- module text -->\n<div  class=\"module module-text tb_b4ef693  repeat \" data-lazy=\"1\">\n        <div  class=\"tb_text_wrap\">\n        <p>18 juin 2023<\/p>    <\/div>\n<\/div>\n<!-- \/module text --><!-- module text -->\n<div  class=\"module module-text tb_jv0y693  repeat \" data-lazy=\"1\">\n        <div  class=\"tb_text_wrap\">\n        <p>Ah la m\u00e9t\u00e9o ! Un peu de stress vers 8h, mais finalement la pluie nous a \u00e9pargn\u00e9 toute la journ\u00e9e.<\/p><p>Un grand merci aux 1650 VTTistes, marcheurs et cyclos pour leur participation \u00e0 cette 26<sup>e<\/sup> \u00e9dition.<\/p>    <\/div>\n<\/div>\n<!-- \/module text --><!-- module buttons -->\n<div  class=\"module module-buttons tb_644e693 buttons-horizontal transparent \" data-lazy=\"1\">\n        <div class=\"module-buttons-item tf_in_flx\">\n                        <a href=\"https:\/\/www.raidimperial.com\/\" class=\"ui builder_button tf_in_flx red\" >\n                                                VTT Compi\u00e8gnois                                        <\/a>\n                <\/div>\n            <\/div>\n<!-- \/module buttons -->\n        <\/div>\n                    <div  data-lazy=\"1\" class=\"module_column tb-column col4-2 tb_zlh4693 last\">\n                    <!-- module image -->\n<div  class=\"module module-image tb_np4v693 image-top   auto_fullwidth tf_mw\" data-lazy=\"1\" data-parallax-element-speed=\"2\" data-lax-translate-y=\"vh 1,0 -140\" data-lax=\"true\">\n        <div class=\"image-wrap tf_rel tf_mw\">\n            <img loading=\"lazy\" decoding=\"async\" src=\"http:\/\/www.amateurphoto.fr\/pvcc\/wp-content\/uploads\/2023\/06\/RIC-logo-2023.2-scaled.jpg\" width=\"604\" height=\"2360\" title=\"Raid Imp\u00e9rial Compi\u00e8gnois 2023\" alt=\"Raid Imp\u00e9rial Compi\u00e8gnois 2023\">    \n        <\/div>\n    <!-- \/image-wrap -->\n    \n        <\/div>\n<!-- \/module image -->        <\/div>\n                        <\/div>\n        <\/div>\n                        <div  data-lazy=\"1\" class=\"module_row themify_builder_row tb_vzmu693 tf_w\">\n                        <div class=\"row_inner col_align_top tb_col_count_3 tf_box tf_rel\">\n                        <div  data-lazy=\"1\" class=\"module_column tb-column col3-1 tb_tswv693 first\">\n                    <!-- module text -->\n<div  class=\"module module-text tb_6313754   \" data-lazy=\"1\">\n        <div  class=\"tb_text_wrap\">\n        <p>Les photos du village<\/p>    <\/div>\n<\/div>\n<!-- \/module text --><!-- module image -->\n<div  class=\"module module-image tb_078z693 image-overlay   tf_mw\" data-lazy=\"1\">\n        <div class=\"image-wrap tf_rel tf_mw\">\n            <a href=\"https:\/\/www.amateurphoto.fr\/pvcc\/ric-2023-le-village\/\">\n                   <img decoding=\"async\" src=\"http:\/\/www.amateurphoto.fr\/pvcc\/wp-content\/uploads\/2023\/06\/TTC0004_RIC-2023-1.jpg\" width=\"370\" title=\"Au village\" alt=\"Au village\">        <\/a>\n    \n    \n        <div class=\"image-content\">\n                    <h3 class=\"image-title\">\n                                    <a href=\"https:\/\/www.amateurphoto.fr\/pvcc\/ric-2023-le-village\/\">\n                        Au village                    <\/a>\n                            <\/h3>\n                    <\/div>\n    <!-- \/image-content -->\n                <\/div>\n        <!-- \/image-wrap -->\n    <\/div>\n<!-- \/module image -->        <\/div>\n                    <div  data-lazy=\"1\" class=\"module_column tb-column col3-1 tb_4s4n693\">\n                    <!-- module text -->\n<div  class=\"module module-text tb_ckpr738   \" data-lazy=\"1\">\n        <div  class=\"tb_text_wrap\">\n        <p>Les photos des ravitaillements<\/p>    <\/div>\n<\/div>\n<!-- \/module text --><!-- module image -->\n<div  class=\"module module-image tb_tzre693 image-overlay   tf_mw\" data-lazy=\"1\">\n        <div class=\"image-wrap tf_rel tf_mw\">\n            <a href=\"https:\/\/www.amateurphoto.fr\/pvcc\/ric-2023-les-ravitaillements\/\">\n                   <img decoding=\"async\" src=\"http:\/\/www.amateurphoto.fr\/pvcc\/wp-content\/uploads\/2023\/06\/TTC0079_RIC-2023.jpg\" width=\"370\" title=\"Ravitaillements\" alt=\"Ravitaillements\">        <\/a>\n    \n    \n        <div class=\"image-content\">\n                    <h3 class=\"image-title\">\n                                    <a href=\"https:\/\/www.amateurphoto.fr\/pvcc\/ric-2023-les-ravitaillements\/\">\n                        Ravitaillements                    <\/a>\n                            <\/h3>\n                    <\/div>\n    <!-- \/image-content -->\n                <\/div>\n        <!-- \/image-wrap -->\n    <\/div>\n<!-- \/module image -->        <\/div>\n                    <div  data-lazy=\"1\" class=\"module_column tb-column col3-1 tb_qfe7693 last\">\n                    <!-- module text -->\n<div  class=\"module module-text tb_hf9f609   \" data-lazy=\"1\">\n        <div  class=\"tb_text_wrap\">\n        <p>Photos sur les chemins<\/p>    <\/div>\n<\/div>\n<!-- \/module text --><!-- module image -->\n<div  class=\"module module-image tb_zad3693 image-overlay   tf_mw\" data-lazy=\"1\">\n        <div class=\"image-wrap tf_rel tf_mw\">\n            <a href=\"https:\/\/www.amateurphoto.fr\/pvcc\/ric-2023-sur-les-chemins\/\">\n                   <img decoding=\"async\" src=\"http:\/\/www.amateurphoto.fr\/pvcc\/wp-content\/uploads\/2023\/06\/TTC0066_RIC-2023.jpg\" width=\"370\" title=\"Sur les chemins\" alt=\"Sur les chemins\">        <\/a>\n    \n    \n        <div class=\"image-content\">\n                    <h3 class=\"image-title\">\n                                    <a href=\"https:\/\/www.amateurphoto.fr\/pvcc\/ric-2023-sur-les-chemins\/\">\n                        Sur les chemins                    <\/a>\n                            <\/h3>\n                    <\/div>\n    <!-- \/image-content -->\n                <\/div>\n        <!-- \/image-wrap -->\n    <\/div>\n<!-- \/module image -->        <\/div>\n                        <\/div>\n        <\/div>\n                        <div  data-lazy=\"1\" class=\"module_row themify_builder_row tb_2eka175 tf_w\">\n                        <div class=\"row_inner col_align_top tb_col_count_1 tf_box tf_rel\">\n                        <div  data-lazy=\"1\" class=\"module_column tb-column col-full tb_xixn175 first\">\n                    <!-- module text -->\n<div  class=\"module module-text tb_ajym810   \" data-lazy=\"1\">\n        <div  class=\"tb_text_wrap\">\n        <p><img loading=\"lazy\" decoding=\"async\" class=\"alignleft size-full wp-image-6258\" src=\"http:\/\/www.amateurphoto.fr\/pvcc\/wp-content\/uploads\/2023\/05\/Fleche_droite.gif\" alt=\"\" width=\"36\" height=\"35\"> <span style=\"font-size: 24px;\">Retour<\/span><\/p>    <\/div>\n<\/div>\n<!-- \/module text -->        <\/div>\n                        <\/div>\n        <\/div>\n        <\/div>\n<!--\/themify_builder_content-->","protected":false},"excerpt":{"rendered":"<p>RIC 2023 Raid Imp\u00e9rial Compi\u00e8gnois 2023 RIC 2023 le Village 18 juin 2023 Ah la m\u00e9t\u00e9o ! Un peu de stress vers 8h, mais finalement la pluie nous a \u00e9pargn\u00e9 toute la journ\u00e9e. Un grand merci aux 1650 VTTistes, marcheurs et cyclos pour leur participation \u00e0 cette 26e \u00e9dition. VTT Compi\u00e8gnois Les photos du village &hellip; <a href=\"https:\/\/www.amateurphoto.fr\/pvcc\/raid-imperial-compiegnois-2023\/\" class=\"more-link\">Continuer la lecture<span class=\"screen-reader-text\"> de &laquo;&nbsp;Raid Imp\u00e9rial Compi\u00e8gnois 2023&nbsp;&raquo;<\/span><\/a><\/p>\n","protected":false},"author":1,"featured_media":0,"parent":0,"menu_order":0,"comment_status":"closed","ping_status":"closed","template":"bt-no-sidebar-boxed.php","meta":{"ngg_post_thumbnail":0,"_vp_format_video_url":"","_vp_image_focal_point":[],"footnotes":""},"class_list":["post-6451","page","type-page","status-publish","hentry"],"aioseo_notices":[],"builder_content":"<img src=\"data:image\/svg+xml,%3Csvg%20xmlns=%27http:\/\/www.w3.org\/2000\/svg%27%20width='1404'%20height='1404'%20viewBox=%270%200%201404%201404%27%3E%3C\/svg%3E\" loading=\"lazy\" data-lazy=\"1\" data-tf-not-load=\"1\" decoding=\"async\" data-tf-src=\"http:\/\/www.amateurphoto.fr\/pvcc\/wp-content\/uploads\/2023\/06\/TTC0180-Panorama.jpg\" width=\"1404\" height=\"711\" alt=\"RIC 2023\"><noscript><img data-tf-not-load data-no-script src=\"http:\/\/www.amateurphoto.fr\/pvcc\/wp-content\/uploads\/2023\/06\/TTC0180-Panorama.jpg\" width=\"1404\" height=\"711\" alt=\"RIC 2023\"><\/noscript> <h3> RIC 2023 <\/h3> <img src=\"data:image\/svg+xml,%3Csvg%20xmlns=%27http:\/\/www.w3.org\/2000\/svg%27%20width='1404'%20height='1404'%20viewBox=%270%200%201404%201404%27%3E%3C\/svg%3E\" loading=\"lazy\" data-lazy=\"1\" data-tf-not-load=\"1\" decoding=\"async\" data-tf-src=\"http:\/\/www.amateurphoto.fr\/pvcc\/wp-content\/uploads\/2023\/06\/TTC0192_RIC-2023-2.jpg\" width=\"1404\" height=\"711\" alt=\"Raid Imp\u00e9rial Compi\u00e8gnois 2023\"><noscript><img data-tf-not-load data-no-script src=\"http:\/\/www.amateurphoto.fr\/pvcc\/wp-content\/uploads\/2023\/06\/TTC0192_RIC-2023-2.jpg\" width=\"1404\" height=\"711\" alt=\"Raid Imp\u00e9rial Compi\u00e8gnois 2023\"><\/noscript> <h3> Raid Imp\u00e9rial Compi\u00e8gnois 2023 <\/h3> <img src=\"data:image\/svg+xml,%3Csvg%20xmlns=%27http:\/\/www.w3.org\/2000\/svg%27%20width='1404'%20height='1404'%20viewBox=%270%200%201404%201404%27%3E%3C\/svg%3E\" loading=\"lazy\" data-lazy=\"1\" data-tf-not-load=\"1\" decoding=\"async\" data-tf-src=\"http:\/\/www.amateurphoto.fr\/pvcc\/wp-content\/uploads\/2023\/06\/TTC0196_RIC-2023-2.jpg\" width=\"1404\" height=\"711\" alt=\"RIC 2023 le Village\"><noscript><img data-tf-not-load data-no-script src=\"http:\/\/www.amateurphoto.fr\/pvcc\/wp-content\/uploads\/2023\/06\/TTC0196_RIC-2023-2.jpg\" width=\"1404\" height=\"711\" alt=\"RIC 2023 le Village\"><\/noscript> <h3> RIC 2023 le Village <\/h3> <img src=\"data:image\/svg+xml,%3Csvg%20xmlns=%27http:\/\/www.w3.org\/2000\/svg%27%20width='1404'%20height='1404'%20viewBox=%270%200%201404%201404%27%3E%3C\/svg%3E\" loading=\"lazy\" data-lazy=\"1\" data-tf-not-load=\"1\" decoding=\"async\" data-tf-src=\"http:\/\/www.amateurphoto.fr\/pvcc\/wp-content\/uploads\/2023\/06\/TTC0237_RIC-2023-2.jpg\" width=\"1404\" height=\"711\" title=\"Raid Imp\u00e9rial Compi\u00e8gnois 2023\" alt=\"Raid Imp\u00e9rial Compi\u00e8gnois 2023\"><noscript><img data-tf-not-load data-no-script src=\"http:\/\/www.amateurphoto.fr\/pvcc\/wp-content\/uploads\/2023\/06\/TTC0237_RIC-2023-2.jpg\" width=\"1404\" height=\"711\" title=\"Raid Imp\u00e9rial Compi\u00e8gnois 2023\" alt=\"Raid Imp\u00e9rial Compi\u00e8gnois 2023\"><\/noscript>\n<p>18 juin 2023<\/p>\n<p>Ah la m\u00e9t\u00e9o ! Un peu de stress vers 8h, mais finalement la pluie nous a \u00e9pargn\u00e9 toute la journ\u00e9e.<\/p><p>Un grand merci aux 1650 VTTistes, marcheurs et cyclos pour leur participation \u00e0 cette 26<sup>e<\/sup> \u00e9dition.<\/p>\n<a href=\"https:\/\/www.raidimperial.com\/\" > VTT Compi\u00e8gnois <\/a>\n<img src=\"http:\/\/www.amateurphoto.fr\/pvcc\/wp-content\/uploads\/2023\/06\/RIC-logo-2023.2-scaled.jpg\" width=\"604\" height=\"2360\" title=\"Raid Imp\u00e9rial Compi\u00e8gnois 2023\" alt=\"Raid Imp\u00e9rial Compi\u00e8gnois 2023\">\n<p>Les photos du village<\/p>\n<a href=\"https:\/\/www.amateurphoto.fr\/pvcc\/ric-2023-le-village\/\"> <img src=\"http:\/\/www.amateurphoto.fr\/pvcc\/wp-content\/uploads\/2023\/06\/TTC0004_RIC-2023-1.jpg\" width=\"370\" title=\"Au village\" alt=\"Au village\"> <\/a> <h3> <a href=\"https:\/\/www.amateurphoto.fr\/pvcc\/ric-2023-le-village\/\"> Au village <\/a> <\/h3>\n<p>Les photos des ravitaillements<\/p>\n<a href=\"https:\/\/www.amateurphoto.fr\/pvcc\/ric-2023-les-ravitaillements\/\"> <img src=\"http:\/\/www.amateurphoto.fr\/pvcc\/wp-content\/uploads\/2023\/06\/TTC0079_RIC-2023.jpg\" width=\"370\" title=\"Ravitaillements\" alt=\"Ravitaillements\"> <\/a> <h3> <a href=\"https:\/\/www.amateurphoto.fr\/pvcc\/ric-2023-les-ravitaillements\/\"> Ravitaillements <\/a> <\/h3>\n<p>Photos sur les chemins<\/p>\n<a href=\"https:\/\/www.amateurphoto.fr\/pvcc\/ric-2023-sur-les-chemins\/\"> <img src=\"http:\/\/www.amateurphoto.fr\/pvcc\/wp-content\/uploads\/2023\/06\/TTC0066_RIC-2023.jpg\" width=\"370\" title=\"Sur les chemins\" alt=\"Sur les chemins\"> <\/a> <h3> <a href=\"https:\/\/www.amateurphoto.fr\/pvcc\/ric-2023-sur-les-chemins\/\"> Sur les chemins <\/a> <\/h3>\n<p><img loading=\"lazy\" decoding=\"async\" src=\"http:\/\/www.amateurphoto.fr\/pvcc\/wp-content\/uploads\/2023\/05\/Fleche_droite.gif\" alt=\"\" width=\"36\" height=\"35\"> Retour<\/p>","_links":{"self":[{"href":"https:\/\/www.amateurphoto.fr\/pvcc\/wp-json\/wp\/v2\/pages\/6451","targetHints":{"allow":["GET"]}}],"collection":[{"href":"https:\/\/www.amateurphoto.fr\/pvcc\/wp-json\/wp\/v2\/pages"}],"about":[{"href":"https:\/\/www.amateurphoto.fr\/pvcc\/wp-json\/wp\/v2\/types\/page"}],"author":[{"embeddable":true,"href":"https:\/\/www.amateurphoto.fr\/pvcc\/wp-json\/wp\/v2\/users\/1"}],"replies":[{"embeddable":true,"href":"https:\/\/www.amateurphoto.fr\/pvcc\/wp-json\/wp\/v2\/comments?post=6451"}],"version-history":[{"count":41,"href":"https:\/\/www.amateurphoto.fr\/pvcc\/wp-json\/wp\/v2\/pages\/6451\/revisions"}],"predecessor-version":[{"id":6711,"href":"https:\/\/www.amateurphoto.fr\/pvcc\/wp-json\/wp\/v2\/pages\/6451\/revisions\/6711"}],"wp:attachment":[{"href":"https:\/\/www.amateurphoto.fr\/pvcc\/wp-json\/wp\/v2\/media?parent=6451"}],"curies":[{"name":"wp","href":"https:\/\/api.w.org\/{rel}","templated":true}]}}