{"id":6196,"date":"2023-05-02T13:35:03","date_gmt":"2023-05-02T11:35:03","guid":{"rendered":"https:\/\/www.amateurphoto.fr\/pvcc\/?page_id=6196"},"modified":"2024-03-10T22:34:26","modified_gmt":"2024-03-10T21:34:26","slug":"jugement-grand-prix-dauteur-fpf","status":"publish","type":"page","link":"https:\/\/www.amateurphoto.fr\/pvcc\/jugement-grand-prix-dauteur-fpf\/","title":{"rendered":"Jugement Grand Prix d&rsquo;Auteur FPF"},"content":{"rendered":"<!--themify_builder_content-->\n<div id=\"themify_builder_content-6196\" data-postid=\"6196\" class=\"themify_builder_content themify_builder_content-6196 themify_builder tf_clear\">\n                    <div  data-lazy=\"1\" class=\"module_row themify_builder_row tb_dfio890 tb_first tf_w\">\n                        <div class=\"row_inner col_align_top tb_col_count_1 tf_box tf_rel\">\n                        <div  data-lazy=\"1\" class=\"module_column tb-column col-full tb_eme4891 first\">\n                    <!-- module text -->\n<div  class=\"module module-text tb_xipo113   \" data-lazy=\"1\">\n        <div  class=\"tb_text_wrap\">\n        <h2>Le Grand Prix d&rsquo;Auteur 2024<\/h2>\n<p><strong>Le Photo Vid\u00e9o Club de Compi\u00e8gne<\/strong> est heureux d&rsquo;avoir accueillit le jugement de cette grande comp\u00e9tition.&nbsp;<\/p>\n<p>Toujours un grand moment d&rsquo;\u00e9changes autour de la photographie.<\/p>\n<p>Un grand merci \u00e0 la mairie de Compi\u00e8gne, les visiteurs se souviennent et appr\u00e9cient ces magnifiques Salles Saint-Nicolas, un \u00e9crin qui valorise et met en valeur l&rsquo;\u00e9v\u00e8nement.&nbsp;<\/p>    <\/div>\n<\/div>\n<!-- \/module text -->        <\/div>\n                        <\/div>\n        <\/div>\n                        <div  data-lazy=\"1\" class=\"module_row themify_builder_row tb_mp7a437 tf_w\">\n                        <div class=\"row_inner col_align_top tb_col_count_1 tf_box tf_rel\">\n                        <div  data-lazy=\"1\" class=\"module_column tb-column col-full tb_bwkf438 first\">\n                    <!-- module text -->\n<div  class=\"module module-text tb_iig6157   \" data-lazy=\"1\">\n        <div  class=\"tb_text_wrap\">\n        <p>L&rsquo;auteur avait le choix entre deux Grands Prix d&rsquo;Auteur : G\u00e9n\u00e9ral ou Cr\u00e9ativit\u00e9.<br><span style=\"text-decoration: underline;\">L&rsquo;\u0153uvre<\/span> propos\u00e9e devra \u00eatre compos\u00e9e de 20 \u00e0 25 images. (<a href=\"https:\/\/federation-photo.fr\/competitions-livret\/\" target=\"_blank\" rel=\"noopener\">Voir le d\u00e9tail page 22 du guide des comp\u00e9titions<\/a>)<\/p>\n<ul>\n<li style=\"list-style-type: none;\">\n<ul>\n<li><strong>G\u00e9n\u00e9ral :<\/strong> C&rsquo;est le regard photographique port\u00e9 par l&rsquo;auteur sur son sujet qui sera privil\u00e9gi\u00e9 pour d\u00e9cerner le prix. <br>Partenaire de cette comp\u00e9tition : NIKON<br><a href=\"https:\/\/copain.federation-photo.fr\/webroot\/competitions\/classement\/photos\/607\" target=\"_blank\" rel=\"noopener\">Voir les r\u00e9sultats 2024<\/a><\/li>\n<li><strong>Cr\u00e9ativit\u00e9 :<\/strong> Le photographe utilisant le photomontage, la surimpression, l&rsquo;hydridation, l&rsquo;exploration de la gamme chromatique, nous livre une vision d&rsquo;un univers qui lui est propre. Partenaire du GPA cr\u00e9ativit\u00e9 : FUJIFILM<br><a href=\"https:\/\/copain.federation-photo.fr\/webroot\/competitions\/classement\/photos\/611\" target=\"_blank\" rel=\"noopener\">Voir les r\u00e9sultats 2024<\/a><\/li>\n<\/ul>\n<\/li>\n<\/ul>    <\/div>\n<\/div>\n<!-- \/module text -->        <\/div>\n                        <\/div>\n        <\/div>\n                        <div  data-lazy=\"1\" class=\"module_row themify_builder_row tb_2pnx265 tf_w\">\n                        <div class=\"row_inner col_align_top tb_col_count_1 tf_box tf_rel\">\n                        <div  data-lazy=\"1\" class=\"module_column tb-column col-full tb_ht3z265 first\">\n                    <!-- module text -->\n<div  class=\"module module-text tb_4n5b494   \" data-lazy=\"1\">\n        <div  class=\"tb_text_wrap\">\n        <p>Les Grands Prix d&rsquo;Auteur de la F.P.F. repr\u00e9sentent la plus grande distinction de tous les concours organis\u00e9s par la F\u00e9d\u00e9ration Photographique de France.<\/p>    <\/div>\n<\/div>\n<!-- \/module text -->        <\/div>\n                        <\/div>\n        <\/div>\n                        <div  data-lazy=\"1\" class=\"module_row themify_builder_row tb_r6vg836 tf_w\">\n                        <div class=\"row_inner col_align_top tb_col_count_1 tf_box tf_rel\">\n                        <div  data-lazy=\"1\" class=\"module_column tb-column col-full tb_ws1u837 first\">\n                    <!-- module divider -->\n<div  class=\"module tf_mw module-divider tb_11uo595 solid   \" style=\"border-width: 1px;border-color: #000;\" data-lazy=\"1\">\n    <\/div>\n<!-- \/module divider -->\n        <\/div>\n                        <\/div>\n        <\/div>\n                        <div  data-lazy=\"1\" class=\"module_row themify_builder_row tb_o53d629 tf_w\">\n                        <div class=\"row_inner col_align_top tb_col_count_1 tf_box tf_rel\">\n                        <div  data-lazy=\"1\" class=\"module_column tb-column col-full tb_wzs1629 first\">\n                    <!-- module text -->\n<div  class=\"module module-text tb_3i60947   \" data-lazy=\"1\">\n        <div  class=\"tb_text_wrap\">\n        <h3>Le jugement en images :<\/h3>\nngg_shortcode_0_placeholder    <\/div>\n<\/div>\n<!-- \/module text -->        <\/div>\n                        <\/div>\n        <\/div>\n        <\/div>\n<!--\/themify_builder_content-->","protected":false},"excerpt":{"rendered":"<p>Le Grand Prix d&rsquo;Auteur 2024 Le Photo Vid\u00e9o Club de Compi\u00e8gne est heureux d&rsquo;avoir accueillit le jugement de cette grande comp\u00e9tition.&nbsp; Toujours un grand moment d&rsquo;\u00e9changes autour de la photographie. Un grand merci \u00e0 la mairie de Compi\u00e8gne, les visiteurs se souviennent et appr\u00e9cient ces magnifiques Salles Saint-Nicolas, un \u00e9crin qui valorise et met en &hellip; <a href=\"https:\/\/www.amateurphoto.fr\/pvcc\/jugement-grand-prix-dauteur-fpf\/\" class=\"more-link\">Continuer la lecture<span class=\"screen-reader-text\"> de &laquo;&nbsp;Jugement Grand Prix d&rsquo;Auteur FPF&nbsp;&raquo;<\/span><\/a><\/p>\n","protected":false},"author":1,"featured_media":8335,"parent":0,"menu_order":0,"comment_status":"closed","ping_status":"closed","template":"bt-no-sidebar-boxed.php","meta":{"ngg_post_thumbnail":0,"_vp_format_video_url":"","_vp_image_focal_point":{"x":0.52,"y":0.59},"footnotes":""},"class_list":["post-6196","page","type-page","status-publish","has-post-thumbnail","hentry"],"aioseo_notices":[],"builder_content":"<h2>Le Grand Prix d'Auteur 2024<\/h2> <p><strong>Le Photo Vid\u00e9o Club de Compi\u00e8gne<\/strong> est heureux d'avoir accueillit le jugement de cette grande comp\u00e9tition.&nbsp;<\/p> <p>Toujours un grand moment d'\u00e9changes autour de la photographie.<\/p> <p>Un grand merci \u00e0 la mairie de Compi\u00e8gne, les visiteurs se souviennent et appr\u00e9cient ces magnifiques Salles Saint-Nicolas, un \u00e9crin qui valorise et met en valeur l'\u00e9v\u00e8nement.&nbsp;<\/p>\n<p>L'auteur avait le choix entre deux Grands Prix d'Auteur : G\u00e9n\u00e9ral ou Cr\u00e9ativit\u00e9.<br>L'\u0153uvre propos\u00e9e devra \u00eatre compos\u00e9e de 20 \u00e0 25 images. (<a href=\"https:\/\/federation-photo.fr\/competitions-livret\/\" target=\"_blank\" rel=\"noopener\">Voir le d\u00e9tail page 22 du guide des comp\u00e9titions<\/a>)<\/p> <ul> <li style=\"list-style-type: none;\"> <ul> <li><strong>G\u00e9n\u00e9ral :<\/strong> C'est le regard photographique port\u00e9 par l'auteur sur son sujet qui sera privil\u00e9gi\u00e9 pour d\u00e9cerner le prix. <br>Partenaire de cette comp\u00e9tition : NIKON<br><a href=\"https:\/\/copain.federation-photo.fr\/webroot\/competitions\/classement\/photos\/607\" target=\"_blank\" rel=\"noopener\">Voir les r\u00e9sultats 2024<\/a><\/li> <li><strong>Cr\u00e9ativit\u00e9 :<\/strong> Le photographe utilisant le photomontage, la surimpression, l'hydridation, l'exploration de la gamme chromatique, nous livre une vision d'un univers qui lui est propre. Partenaire du GPA cr\u00e9ativit\u00e9 : FUJIFILM<br><a href=\"https:\/\/copain.federation-photo.fr\/webroot\/competitions\/classement\/photos\/611\" target=\"_blank\" rel=\"noopener\">Voir les r\u00e9sultats 2024<\/a><\/li> <\/ul> <\/li> <\/ul>\n<p>Les Grands Prix d'Auteur de la F.P.F. repr\u00e9sentent la plus grande distinction de tous les concours organis\u00e9s par la F\u00e9d\u00e9ration Photographique de France.<\/p>\n\n<h3>Le jugement en images :<\/h3> [ngg src=\"galleries\" ids=\"58\" display=\"pro_mosaic\"]","_links":{"self":[{"href":"https:\/\/www.amateurphoto.fr\/pvcc\/wp-json\/wp\/v2\/pages\/6196","targetHints":{"allow":["GET"]}}],"collection":[{"href":"https:\/\/www.amateurphoto.fr\/pvcc\/wp-json\/wp\/v2\/pages"}],"about":[{"href":"https:\/\/www.amateurphoto.fr\/pvcc\/wp-json\/wp\/v2\/types\/page"}],"author":[{"embeddable":true,"href":"https:\/\/www.amateurphoto.fr\/pvcc\/wp-json\/wp\/v2\/users\/1"}],"replies":[{"embeddable":true,"href":"https:\/\/www.amateurphoto.fr\/pvcc\/wp-json\/wp\/v2\/comments?post=6196"}],"version-history":[{"count":94,"href":"https:\/\/www.amateurphoto.fr\/pvcc\/wp-json\/wp\/v2\/pages\/6196\/revisions"}],"predecessor-version":[{"id":8366,"href":"https:\/\/www.amateurphoto.fr\/pvcc\/wp-json\/wp\/v2\/pages\/6196\/revisions\/8366"}],"wp:featuredmedia":[{"embeddable":true,"href":"https:\/\/www.amateurphoto.fr\/pvcc\/wp-json\/wp\/v2\/media\/8335"}],"wp:attachment":[{"href":"https:\/\/www.amateurphoto.fr\/pvcc\/wp-json\/wp\/v2\/media?parent=6196"}],"curies":[{"name":"wp","href":"https:\/\/api.w.org\/{rel}","templated":true}]}}