{"id":5986,"date":"2023-04-20T18:32:21","date_gmt":"2023-04-20T16:32:21","guid":{"rendered":"https:\/\/www.amateurphoto.fr\/pvcc\/?page_id=5986"},"modified":"2023-04-23T23:27:13","modified_gmt":"2023-04-23T21:27:13","slug":"portfolio-pascale-houssaye","status":"publish","type":"page","link":"https:\/\/www.amateurphoto.fr\/pvcc\/portfolio-pascale-houssaye\/","title":{"rendered":"Portfolio Pascale Houssaye"},"content":{"rendered":"<!--themify_builder_content-->\n<div id=\"themify_builder_content-5986\" data-postid=\"5986\" class=\"themify_builder_content themify_builder_content-5986 themify_builder tf_clear\">\n                    <div  data-lazy=\"1\" class=\"module_row themify_builder_row tb_8c2t632 tb_first tf_w\">\n                        <div class=\"row_inner col_align_top tb_col_count_1 tf_box tf_rel\">\n                        <div  data-lazy=\"1\" class=\"module_column tb-column col-full tb_m1k4632 first\">\n                    <!-- module text -->\n<div  class=\"module module-text tb_po8c385   \" data-lazy=\"1\">\n        <div  class=\"tb_text_wrap\">\n        <h2>Comment me d\u00e9finir photographiquement parlant ?<\/h2>\n<p>Dire que je m&rsquo;inspire de tel ou tel photographe ? Ce serait bien trop pr\u00e9tentieux. Ce qui compte, c&rsquo;est s&rsquo;amuser avec un vieil appareil, une boule, Nic\u00e9phore mon playmobil. Mon mat\u00e9riel : un Sony A6000 hybride, pratique car pas trop lourd.<\/p>\n<p>De temps en temps, je participe \u00e0 des concours en gardant le m\u00eame esprit. Mais je pr\u00e9f\u00e8re les expos car il y a une vraie interaction avec les visiteurs.<\/p>\n<p>En attendant, vous pouvez me retrouver sur Instagram:&nbsp;<a href=\"https:\/\/instagram.com\/pascalitaitaa?igshid=ZDdkNTZiNTM=\">https:\/\/instagram.com\/pascalitaitaa?igshid=ZDdkNTZiNTM=<\/a><\/p>    <\/div>\n<\/div>\n<!-- \/module text -->        <\/div>\n                        <\/div>\n        <\/div>\n                        <div  data-lazy=\"1\" class=\"module_row themify_builder_row tb_mzo154 tf_w\">\n                        <div class=\"row_inner col_align_top tb_col_count_1 tf_box tf_rel\">\n                        <div  data-lazy=\"1\" class=\"module_column tb-column col-full tb_7jx254 first\">\n                    <!-- module text -->\n<div  class=\"module module-text tb_o0zd94   \" data-lazy=\"1\">\n        <div  class=\"tb_text_wrap\">\n        ngg_shortcode_0_placeholder    <\/div>\n<\/div>\n<!-- \/module text -->        <\/div>\n                        <\/div>\n        <\/div>\n        <\/div>\n<!--\/themify_builder_content-->","protected":false},"excerpt":{"rendered":"<p>Comment me d\u00e9finir photographiquement parlant ? Dire que je m&rsquo;inspire de tel ou tel photographe ? Ce serait bien trop pr\u00e9tentieux. Ce qui compte, c&rsquo;est s&rsquo;amuser avec un vieil appareil, une boule, Nic\u00e9phore mon playmobil. Mon mat\u00e9riel : un Sony A6000 hybride, pratique car pas trop lourd. De temps en temps, je participe \u00e0 des &hellip; <a href=\"https:\/\/www.amateurphoto.fr\/pvcc\/portfolio-pascale-houssaye\/\" class=\"more-link\">Continuer la lecture<span class=\"screen-reader-text\"> de &laquo;&nbsp;Portfolio Pascale Houssaye&nbsp;&raquo;<\/span><\/a><\/p>\n","protected":false},"author":1,"featured_media":0,"parent":0,"menu_order":0,"comment_status":"closed","ping_status":"closed","template":"bt-no-sidebar-boxed.php","meta":{"ngg_post_thumbnail":0,"_vp_format_video_url":"","_vp_image_focal_point":[],"footnotes":""},"class_list":["post-5986","page","type-page","status-publish","hentry"],"aioseo_notices":[],"builder_content":"<h2>Comment me d\u00e9finir photographiquement parlant ?<\/h2> <p>Dire que je m'inspire de tel ou tel photographe ? Ce serait bien trop pr\u00e9tentieux. Ce qui compte, c'est s'amuser avec un vieil appareil, une boule, Nic\u00e9phore mon playmobil. Mon mat\u00e9riel : un Sony A6000 hybride, pratique car pas trop lourd.<\/p> <p>De temps en temps, je participe \u00e0 des concours en gardant le m\u00eame esprit. Mais je pr\u00e9f\u00e8re les expos car il y a une vraie interaction avec les visiteurs.<\/p> <p>En attendant, vous pouvez me retrouver sur Instagram:&nbsp;<a href=\"https:\/\/instagram.com\/pascalitaitaa?igshid=ZDdkNTZiNTM=\">https:\/\/instagram.com\/pascalitaitaa?igshid=ZDdkNTZiNTM=<\/a><\/p>\n[ngg src=\"galleries\" ids=\"44\" display=\"pro_mosaic\"]","_links":{"self":[{"href":"https:\/\/www.amateurphoto.fr\/pvcc\/wp-json\/wp\/v2\/pages\/5986","targetHints":{"allow":["GET"]}}],"collection":[{"href":"https:\/\/www.amateurphoto.fr\/pvcc\/wp-json\/wp\/v2\/pages"}],"about":[{"href":"https:\/\/www.amateurphoto.fr\/pvcc\/wp-json\/wp\/v2\/types\/page"}],"author":[{"embeddable":true,"href":"https:\/\/www.amateurphoto.fr\/pvcc\/wp-json\/wp\/v2\/users\/1"}],"replies":[{"embeddable":true,"href":"https:\/\/www.amateurphoto.fr\/pvcc\/wp-json\/wp\/v2\/comments?post=5986"}],"version-history":[{"count":14,"href":"https:\/\/www.amateurphoto.fr\/pvcc\/wp-json\/wp\/v2\/pages\/5986\/revisions"}],"predecessor-version":[{"id":6064,"href":"https:\/\/www.amateurphoto.fr\/pvcc\/wp-json\/wp\/v2\/pages\/5986\/revisions\/6064"}],"wp:attachment":[{"href":"https:\/\/www.amateurphoto.fr\/pvcc\/wp-json\/wp\/v2\/media?parent=5986"}],"curies":[{"name":"wp","href":"https:\/\/api.w.org\/{rel}","templated":true}]}}