{"id":5865,"date":"2023-04-14T11:24:33","date_gmt":"2023-04-14T09:24:33","guid":{"rendered":"https:\/\/www.amateurphoto.fr\/pvcc\/?page_id=5865"},"modified":"2024-04-24T10:59:39","modified_gmt":"2024-04-24T08:59:39","slug":"expositions-regionales","status":"publish","type":"page","link":"https:\/\/www.amateurphoto.fr\/pvcc\/expositions-regionales\/","title":{"rendered":"Expositions r\u00e9gionales"},"content":{"rendered":"<!--themify_builder_content-->\n<div id=\"themify_builder_content-5865\" data-postid=\"5865\" class=\"themify_builder_content themify_builder_content-5865 themify_builder tf_clear\">\n                    <div  data-lazy=\"1\" class=\"module_row themify_builder_row tb_vrqb254 tb_first tf_w\">\n                        <div class=\"row_inner col_align_top tb_col_count_3 tf_box tf_rel\">\n                        <div  data-lazy=\"1\" class=\"module_column tb-column col3-1 tb_urrx255 first\">\n                    <!-- module link_block -->\n<div  class=\"module module-link-block tb_1nol342 icon-center solid \" data-lazy=\"1\">\n        <a href=\"http:\/\/www.amateurphoto.fr\/pvcc\/wp-content\/uploads\/2024\/04\/Sazn-Francisco-scaled.jpg\" class=\"tb_link_block_container ui transparent themify_lightbox\">\n\n        <img loading=\"lazy\" decoding=\"async\" src=\"http:\/\/www.amateurphoto.fr\/pvcc\/wp-content\/uploads\/2024\/04\/Sazn-Francisco-scaled.jpg\" width=\"2560\" height=\"1707\" class=\"tf_vmiddle tf_box tb_link_block_img\" title=\"Expositions r\u00e9gionales\" alt=\"Expositions r\u00e9gionales\">\n        <div class=\"tf-lb-content\">\n                            <div class=\"tb_link_block_heading\">San Francisco 2024 By France Higu\u00e8res<\/div>\n                                <\/div>\n\n    <\/a>\n<\/div>\n<!-- \/module buttons -->\n<!-- module text -->\n<div  class=\"module module-text tb_m6zm750   \" data-lazy=\"1\">\n        <div  class=\"tb_text_wrap\">\n        <p>Si \u00e0 l&rsquo;occasion&nbsp; d&rsquo;une balade sur Compi\u00e8gne vous souhaitez d\u00e9couvrir mon exposition qui concerne une partie de la&nbsp;&nbsp;ville de San Francisco je vous invite \u00e0 passer chez Hutin .&nbsp;<br>J&rsquo;esp\u00e8re que comme moi, cela vous donnera envie d&rsquo;y retourner pour ceux qui connaissent ou tout simplement d&rsquo;y aller.<\/p>    <\/div>\n<\/div>\n<!-- \/module text --><!-- module divider -->\n<div  class=\"module tf_mw module-divider tb_du4o652 solid   \" style=\"border-width: 1px;border-color: #000;\" data-lazy=\"1\">\n    <\/div>\n<!-- \/module divider -->\n<!-- module divider -->\n<div  class=\"module tf_mw module-divider tb_vexk666 solid   \" style=\"border-width: 1px;border-color: #000;\" data-lazy=\"1\">\n    <\/div>\n<!-- \/module divider -->\n<!-- module link_block -->\n<div  class=\"module module-link-block tb_ntbm969 icon-center solid \" data-lazy=\"1\">\n        <a target=\"_blank\" rel=\"noopener\" href=\"https:\/\/www.festival-circulations.com\/edition\/edition-2024\/\" class=\"tb_link_block_container ui transparent\">\n\n        <img loading=\"lazy\" decoding=\"async\" src=\"http:\/\/www.amateurphoto.fr\/pvcc\/wp-content\/uploads\/2024\/03\/AFFICHE_CIR24_Kleinberg_Nologo-724x1024-1.jpg\" width=\"724\" height=\"1024\" class=\"tf_vmiddle tf_box tb_link_block_img\" title=\"Expositions r\u00e9gionales\" alt=\"Expositions r\u00e9gionales\">\n        <div class=\"tf-lb-content\">\n                            <div class=\"tb_link_block_heading\">Festival Circulation <\/div>\n                                        <div class=\"tb_link_block_blurb\">le Cenquatre Paris<\/div>\n                    <\/div>\n\n    <\/a>\n<\/div>\n<!-- \/module buttons -->\n<!-- module text -->\n<div  class=\"module module-text tb_xcc0505   \" data-lazy=\"1\">\n        <div  class=\"tb_text_wrap\">\n        <blockquote>\n<p>\u00ab\u00a0Au c\u0153ur de la 14e \u00e9dition du festival Circulation(s) r\u00e9sonnent une nouvelle fois les pulsations et les revendications de la photographie \u00e9mergente europ\u00e9enne. La s\u00e9lection pr\u00e9sent\u00e9e cette ann\u00e9e est rythm\u00e9e par une fluidit\u00e9 in\u00e9dite et une propension toujours plus forte \u00e0 l\u2019exp\u00e9rimentation.\u00a0\u00bb<\/p>\n<\/blockquote>    <\/div>\n<\/div>\n<!-- \/module text -->        <\/div>\n                    <div  data-lazy=\"1\" class=\"module_column tb-column col3-1 tb_g1bh386\">\n                    <!-- module link_block -->\n<div  class=\"module module-link-block tb_ljeu368 icon-center solid \" data-lazy=\"1\">\n        <a data-zoom-config=\"800px\" href=\"http:\/\/www.amateurphoto.fr\/pvcc\/wp-content\/uploads\/2024\/03\/Photosomme.jpg\" class=\"tb_link_block_container ui tb_default_color themify_lightbox\">\n\n        <img loading=\"lazy\" decoding=\"async\" src=\"http:\/\/www.amateurphoto.fr\/pvcc\/wp-content\/uploads\/2024\/03\/Photosomme.jpg\" width=\"1648\" height=\"1152\" class=\"tf_vmiddle tf_box tb_link_block_img\" title=\"Expositions r\u00e9gionales\" alt=\"Expositions r\u00e9gionales\">\n        <div class=\"tf-lb-content\">\n                            <div class=\"tb_link_block_heading\">Exposition photo nature<\/div>\n                                        <div class=\"tb_link_block_blurb\">Du 20 au 28 avril 2024<\/div>\n                    <\/div>\n\n    <\/a>\n<\/div>\n<!-- \/module buttons -->\n<!-- module text -->\n<div  class=\"module module-text tb_qk6s409   \" data-lazy=\"1\">\n        <div  class=\"tb_text_wrap\">\n        <p>Salle des f\u00eates de Port le Grand<\/p>\n<p>Organis\u00e9 par Photosomme avec le soutien de la commune de Port le Grand.<\/p>    <\/div>\n<\/div>\n<!-- \/module text --><!-- module divider -->\n<div  class=\"module tf_mw module-divider tb_gn0t517 solid   \" style=\"border-width: 1px;border-color: #000;\" data-lazy=\"1\">\n    <\/div>\n<!-- \/module divider -->\n<!-- module link_block -->\n<div  class=\"module module-link-block tb_ey2n260 icon-center solid \" data-lazy=\"1\">\n        <a data-zoom-config=\"800px\" href=\"http:\/\/www.amateurphoto.fr\/pvcc\/wp-content\/uploads\/2024\/03\/Stephane-Spach.jpg\" class=\"tb_link_block_container ui transparent themify_lightbox\">\n\n        <img loading=\"lazy\" decoding=\"async\" src=\"http:\/\/www.amateurphoto.fr\/pvcc\/wp-content\/uploads\/2024\/03\/Stephane-Spach.jpg\" width=\"800\" height=\"565\" class=\"tf_vmiddle tf_box tb_link_block_img\" title=\"Expositions r\u00e9gionales\" alt=\"Expositions r\u00e9gionales\">\n        <div class=\"tf-lb-content\">\n                            <div class=\"tb_link_block_heading\">Photographies de St\u00e9phane Spach<\/div>\n                                        <div class=\"tb_link_block_blurb\">Le temps et l'intemporel<\/div>\n                    <\/div>\n\n    <\/a>\n<\/div>\n<!-- \/module buttons -->\n<!-- module text -->\n<div  class=\"module module-text tb_w54v367   \" data-lazy=\"1\">\n        <div  class=\"tb_text_wrap\">\n        <h2 class=\"single-subtitle\">L&rsquo;exposition :<\/h2>\n<div class=\"single-description\">\n<div class=\"content\">\n<p>La Galerie de l\u2019Est, 2 prom Saint-Pierre des Minimes \u00e0 Compi\u00e8gne, vous invite \u00e0 plonger dans l\u2019univers visuel de St\u00e9phane Spach \u00e0 l\u2019occasion d\u2019une exposition photographique sous le signe de la po\u00e9sie du temps. L\u2019artiste vous propose ainsi de prendre part \u00e0 une exploration aux attraits picturaux et sc\u00e9niques dans laquelle les manifestations de la nature semblent se dessiner par leur propre temporalit\u00e9.<\/p>\n<\/div>\n<\/div>    <\/div>\n<\/div>\n<!-- \/module text --><!-- module divider -->\n<div  class=\"module tf_mw module-divider tb_c6fg270 solid   \" style=\"border-width: 1px;border-color: #000;\" data-lazy=\"1\">\n    <\/div>\n<!-- \/module divider -->\n<!-- module link_block -->\n<div  class=\"module module-link-block tb_s7qy704 icon-center solid \" data-lazy=\"1\">\n        <a target=\"_blank\" rel=\"noopener\" href=\"https:\/\/www.bnf.fr\/fr\/agenda\/la-france-sous-leurs-yeux\" class=\"tb_link_block_container ui transparent\">\n\n        <img loading=\"lazy\" decoding=\"async\" src=\"http:\/\/www.amateurphoto.fr\/pvcc\/wp-content\/uploads\/2024\/03\/La-France-sous-leurs-yeux.jpeg\" width=\"194\" height=\"260\" class=\"tf_vmiddle tf_box tb_link_block_img\" title=\"Expositions r\u00e9gionales\" alt=\"Expositions r\u00e9gionales\">\n        <div class=\"tf-lb-content\">\n                            <div class=\"tb_link_block_heading\">19 mars -> 23 juin 2024<\/div>\n                                        <div class=\"tb_link_block_blurb\">200 regards de photographes sur les ann\u00e9es 2020<\/div>\n                    <\/div>\n\n    <\/a>\n<\/div>\n<!-- \/module buttons -->\n<!-- module text -->\n<div  class=\"module module-text tb_2hmm106   \" data-lazy=\"1\">\n        <div  class=\"tb_text_wrap\">\n        <div dir=\"auto\">La Biblioth\u00e8que nationale de France consacre une grande exposition aux travaux des 200 photographes, collaborateurs r\u00e9guliers de la presse nationale et internationale, missionn\u00e9s par le minist\u00e8re de la Culture en 2021 pour \u00e9tablir un panorama de la France au sortir de la crise sanitaire li\u00e9e \u00e0 la pand\u00e9mie de COVID-19. \u00c0 travers une s\u00e9lection de plus de 400 clich\u00e9s, cette exposition souligne la vari\u00e9t\u00e9 des approches choisies par les 200 laur\u00e9ats, et raconte ainsi la France des ann\u00e9es 2020. Son ampleur marquera l\u2019histoire du&nbsp;photojournalisme.<\/div>    <\/div>\n<\/div>\n<!-- \/module text -->        <\/div>\n                    <div  data-lazy=\"1\" class=\"module_column tb-column col3-1 tb_dpc9386 last\">\n                    <!-- module link_block -->\n<div  class=\"module module-link-block tb_c4ij86 icon-center solid \" data-lazy=\"1\">\n        <a href=\"https:\/\/www.diaphane.org\/\" class=\"tb_link_block_container ui tb_default_color themify_lightbox\">\n\n        <img loading=\"lazy\" decoding=\"async\" src=\"http:\/\/www.amateurphoto.fr\/pvcc\/wp-content\/uploads\/2024\/01\/Victorine_Alisse.jpg\" width=\"842\" height=\"1191\" class=\"tf_vmiddle tf_box tb_link_block_img\" title=\"Expositions r\u00e9gionales\" alt=\"Expositions r\u00e9gionales\">\n        <div class=\"tf-lb-content\">\n                            <div class=\"tb_link_block_heading\">Exposition \"Enracin\u00e9s\" du 2 f\u00e9vrier au 5 mai 2024<\/div>\n                                        <div class=\"tb_link_block_blurb\">Vernissage le vendredi 2 f\u00e9vrier \u00e0 17h -      \n46 rue Principale, 60120 Le Crocq<\/div>\n                    <\/div>\n\n    <\/a>\n<\/div>\n<!-- \/module buttons -->\n<!-- module text -->\n<div  class=\"module module-text tb_91gl787   \" data-lazy=\"1\">\n        <div  class=\"tb_text_wrap\">\n        <p><em>L&rsquo;exposition de Victorine Alisse croise deux s\u00e9ries de photographies sur la ruralit\u00e9, qui nous entraine sur deux berges de la m\u00e9diterran\u00e9e. Dans ces deux projets, la photographe s\u2019attache aux relations qu\u2019entretiennent les habitants \u00e0 leurs terres et qui font des acteurs vivants de ces territoires.<\/em><\/p>\n<p>Retrouvez d&rsquo;autres expositions sur le <a href=\"https:\/\/www.diaphane.org\/\" target=\"_blank\" rel=\"noopener\">site Diaphane<\/a>.<\/p>    <\/div>\n<\/div>\n<!-- \/module text --><!-- module divider -->\n<div  class=\"module tf_mw module-divider tb_to50974 solid   \" style=\"border-width: 1px;border-color: #000;\" data-lazy=\"1\">\n    <\/div>\n<!-- \/module divider -->\n<!-- module link_block -->\n<div  class=\"module module-link-block tb_93po806 icon-center solid \" data-lazy=\"1\">\n        <a target=\"_blank\" rel=\"noopener\" href=\"https:\/\/www.mep-fr.org\/event\/viviane-sassen\/\" class=\"tb_link_block_container ui tb_default_color\">\n\n        <img loading=\"lazy\" decoding=\"async\" src=\"http:\/\/www.amateurphoto.fr\/pvcc\/wp-content\/uploads\/2024\/02\/24-v-sassen_anotherman_magazine-2017-scaled-tt-width-550-height-412-bgcolor-ffffff-lazyload-1.jpg\" width=\"550\" height=\"412\" class=\"tf_vmiddle tf_box tb_link_block_img\" title=\"Expositions r\u00e9gionales\" alt=\"Expositions r\u00e9gionales\">\n        <div class=\"tf-lb-content\">\n                            <div class=\"tb_link_block_heading\">Viviam Sassem<\/div>\n                                <\/div>\n\n    <\/a>\n<\/div>\n<!-- \/module buttons -->\n<!-- module text -->\n<div  class=\"module module-text tb_nrgc596   \" data-lazy=\"1\">\n        <div  class=\"tb_text_wrap\">\n        <p>La MEP \u2013 Maison Europ\u00e9enne de la Photographie pr\u00e9sente la premi\u00e8re exposition r\u00e9trospective de l\u2019artiste n\u00e9erlandaise Viviane Sassen. L&rsquo;exposition&nbsp;<em>PHOSPHOR : Art &amp; Fashion 1990-2023<\/em>&nbsp;r\u00e9unit plus de 200 cr\u00e9ations et retrace 30 ans de production d\u2019une \u0153uvre prot\u00e9iforme o\u00f9 la photographie c\u00f4toie le collage, la peinture et la vid\u00e9o.<\/p>    <\/div>\n<\/div>\n<!-- \/module text -->        <\/div>\n                        <\/div>\n        <\/div>\n        <\/div>\n<!--\/themify_builder_content-->","protected":false},"excerpt":{"rendered":"<p>20e \u00e9dition des Photaumnales \u201cHors Jeux\u201d : une centaine de photographes expos\u00e9s sur le th\u00e8me du sport. Du 16 septembre au 31 d\u00e9cembre 2023 Cette 20e&nbsp;\u00e9dition des Photaumnales propose quarante expositions grand public sur l\u2019ancienne r\u00e9gion Picardie,&nbsp;&nbsp;au c\u0153ur de la ville de Beauvais, du quartier Argentine et du parc Dassault.&nbsp;Le festival renforce sa pr\u00e9sence en &hellip; <a href=\"https:\/\/www.amateurphoto.fr\/pvcc\/expositions-regionales\/\" class=\"more-link\">Continuer la lecture<span class=\"screen-reader-text\"> de &laquo;&nbsp;Expositions r\u00e9gionales&nbsp;&raquo;<\/span><\/a><\/p>\n","protected":false},"author":1,"featured_media":0,"parent":0,"menu_order":0,"comment_status":"closed","ping_status":"closed","template":"bt-no-sidebar-boxed.php","meta":{"ngg_post_thumbnail":0,"_vp_format_video_url":"","_vp_image_focal_point":[],"footnotes":""},"class_list":["post-5865","page","type-page","status-publish","hentry"],"aioseo_notices":[],"builder_content":"<p>Si \u00e0 l'occasion&nbsp; d'une balade sur Compi\u00e8gne vous souhaitez d\u00e9couvrir mon exposition qui concerne une partie de la&nbsp;&nbsp;ville de San Francisco je vous invite \u00e0 passer chez Hutin .&nbsp;<br>J'esp\u00e8re que comme moi, cela vous donnera envie d'y retourner pour ceux qui connaissent ou tout simplement d'y aller.<\/p>\n\n\n<blockquote> <p>\"Au c\u0153ur de la 14e \u00e9dition du festival Circulation(s) r\u00e9sonnent une nouvelle fois les pulsations et les revendications de la photographie \u00e9mergente europ\u00e9enne. La s\u00e9lection pr\u00e9sent\u00e9e cette ann\u00e9e est rythm\u00e9e par une fluidit\u00e9 in\u00e9dite et une propension toujours plus forte \u00e0 l\u2019exp\u00e9rimentation.\"<\/p> <\/blockquote>\n<p>Salle des f\u00eates de Port le Grand<\/p> <p>Organis\u00e9 par Photosomme avec le soutien de la commune de Port le Grand.<\/p>\n\n<h2>L'exposition :<\/h2>\n<p>La Galerie de l\u2019Est, 2 prom Saint-Pierre des Minimes \u00e0 Compi\u00e8gne, vous invite \u00e0 plonger dans l\u2019univers visuel de St\u00e9phane Spach \u00e0 l\u2019occasion d\u2019une exposition photographique sous le signe de la po\u00e9sie du temps. L\u2019artiste vous propose ainsi de prendre part \u00e0 une exploration aux attraits picturaux et sc\u00e9niques dans laquelle les manifestations de la nature semblent se dessiner par leur propre temporalit\u00e9.<\/p>\n\nLa Biblioth\u00e8que nationale de France consacre une grande exposition aux travaux des 200 photographes, collaborateurs r\u00e9guliers de la presse nationale et internationale, missionn\u00e9s par le minist\u00e8re de la Culture en 2021 pour \u00e9tablir un panorama de la France au sortir de la crise sanitaire li\u00e9e \u00e0 la pand\u00e9mie de COVID-19. \u00c0 travers une s\u00e9lection de plus de 400 clich\u00e9s, cette exposition souligne la vari\u00e9t\u00e9 des approches choisies par les 200 laur\u00e9ats, et raconte ainsi la France des ann\u00e9es 2020. Son ampleur marquera l\u2019histoire du&nbsp;photojournalisme.\n<p><em>L'exposition de Victorine Alisse croise deux s\u00e9ries de photographies sur la ruralit\u00e9, qui nous entraine sur deux berges de la m\u00e9diterran\u00e9e. Dans ces deux projets, la photographe s\u2019attache aux relations qu\u2019entretiennent les habitants \u00e0 leurs terres et qui font des acteurs vivants de ces territoires.<\/em><\/p> <p>Retrouvez d'autres expositions sur le <a href=\"https:\/\/www.diaphane.org\/\" target=\"_blank\" rel=\"noopener\">site Diaphane<\/a>.<\/p>\n\n<p>La MEP \u2013 Maison Europ\u00e9enne de la Photographie pr\u00e9sente la premi\u00e8re exposition r\u00e9trospective de l\u2019artiste n\u00e9erlandaise Viviane Sassen. L'exposition&nbsp;<em>PHOSPHOR : Art &amp; Fashion 1990-2023<\/em>&nbsp;r\u00e9unit plus de 200 cr\u00e9ations et retrace 30 ans de production d\u2019une \u0153uvre prot\u00e9iforme o\u00f9 la photographie c\u00f4toie le collage, la peinture et la vid\u00e9o.<\/p>","_links":{"self":[{"href":"https:\/\/www.amateurphoto.fr\/pvcc\/wp-json\/wp\/v2\/pages\/5865","targetHints":{"allow":["GET"]}}],"collection":[{"href":"https:\/\/www.amateurphoto.fr\/pvcc\/wp-json\/wp\/v2\/pages"}],"about":[{"href":"https:\/\/www.amateurphoto.fr\/pvcc\/wp-json\/wp\/v2\/types\/page"}],"author":[{"embeddable":true,"href":"https:\/\/www.amateurphoto.fr\/pvcc\/wp-json\/wp\/v2\/users\/1"}],"replies":[{"embeddable":true,"href":"https:\/\/www.amateurphoto.fr\/pvcc\/wp-json\/wp\/v2\/comments?post=5865"}],"version-history":[{"count":114,"href":"https:\/\/www.amateurphoto.fr\/pvcc\/wp-json\/wp\/v2\/pages\/5865\/revisions"}],"predecessor-version":[{"id":8423,"href":"https:\/\/www.amateurphoto.fr\/pvcc\/wp-json\/wp\/v2\/pages\/5865\/revisions\/8423"}],"wp:attachment":[{"href":"https:\/\/www.amateurphoto.fr\/pvcc\/wp-json\/wp\/v2\/media?parent=5865"}],"curies":[{"name":"wp","href":"https:\/\/api.w.org\/{rel}","templated":true}]}}