{"id":5460,"date":"2023-04-05T22:17:15","date_gmt":"2023-04-05T20:17:15","guid":{"rendered":"https:\/\/www.amateurphoto.fr\/pvcc\/?page_id=5460"},"modified":"2023-04-06T23:24:02","modified_gmt":"2023-04-06T21:24:02","slug":"le-chouan","status":"publish","type":"page","link":"https:\/\/www.amateurphoto.fr\/pvcc\/le-chouan\/","title":{"rendered":"Le Chouan"},"content":{"rendered":"<!--themify_builder_content-->\n<div id=\"themify_builder_content-5460\" data-postid=\"5460\" class=\"themify_builder_content themify_builder_content-5460 themify_builder tf_clear\">\n                    <div  data-lazy=\"1\" class=\"module_row themify_builder_row tb_8vfq443 tb_first tf_w\">\n                        <div class=\"row_inner col_align_top tb_col_count_1 tf_box tf_rel\">\n                        <div  data-lazy=\"1\" class=\"module_column tb-column col-full tb_kj59443 first\">\n                    <!-- module text -->\n<div  class=\"module module-text tb_jzj4512   \" data-lazy=\"1\">\n        <div  class=\"tb_text_wrap\">\n        <h2>1<sup>er<\/sup> Salon National d&rsquo;Art Photographique :<\/h2>\n<p>Par D\u00e9clic Image Leg\u00e9 44<br>Affili\u00e9 \u00e0 la F\u00e9d\u00e9ration Photographique de France N\u00b0 06-1929 <br>Co-organisateur du French Digital Tour<\/p>    <\/div>\n<\/div>\n<!-- \/module text --><!-- module text -->\n<div  class=\"module module-text tb_a84z770   \" data-lazy=\"1\">\n        <div  class=\"tb_text_wrap\">\n        <p>F\u00e9licitation \u00e0 Fred, Christian, Eric, Pascal, Jean-Jacques P. Une participation remarqu\u00e9e !<br>Ces photos totalisent plus de 50 points sur un total possible de 60<\/p>    <\/div>\n<\/div>\n<!-- \/module text -->        <\/div>\n                        <\/div>\n        <\/div>\n                        <div  data-lazy=\"1\" class=\"module_row themify_builder_row tb_mwtf225 tf_w\">\n                        <div class=\"row_inner col_align_top tb_col_count_1 tf_box tf_rel\">\n                        <div  data-lazy=\"1\" class=\"module_column tb-column col-full tb_f2e0225 first\">\n                    <!-- module text -->\n<div  class=\"module module-text tb_qg3o829   \" data-lazy=\"1\">\n        <div  class=\"tb_text_wrap\">\n        ngg_shortcode_0_placeholder    <\/div>\n<\/div>\n<!-- \/module text -->        <\/div>\n                        <\/div>\n        <\/div>\n        <\/div>\n<!--\/themify_builder_content-->","protected":false},"excerpt":{"rendered":"<p>1er Salon National d&rsquo;Art Photographique : Par D\u00e9clic Image Leg\u00e9 44Affili\u00e9 \u00e0 la F\u00e9d\u00e9ration Photographique de France N\u00b0 06-1929 Co-organisateur du French Digital Tour F\u00e9licitation \u00e0 Fred, Christian, Eric, Pascal, Jean-Jacques P. Une participation remarqu\u00e9e !Ces photos totalisent plus de 50 points sur un total possible de 60<\/p>\n","protected":false},"author":1,"featured_media":0,"parent":0,"menu_order":0,"comment_status":"closed","ping_status":"closed","template":"bt-no-sidebar-boxed.php","meta":{"ngg_post_thumbnail":0,"_vp_format_video_url":"","_vp_image_focal_point":[],"footnotes":""},"class_list":["post-5460","page","type-page","status-publish","hentry"],"aioseo_notices":[],"builder_content":"<h2>1<sup>er<\/sup> Salon National d'Art Photographique :<\/h2> <p>Par D\u00e9clic Image Leg\u00e9 44<br>Affili\u00e9 \u00e0 la F\u00e9d\u00e9ration Photographique de France N\u00b0 06-1929 <br>Co-organisateur du French Digital Tour<\/p>\n<p>F\u00e9licitation \u00e0 Fred, Christian, Eric, Pascal, Jean-Jacques P. Une participation remarqu\u00e9e !<br>Ces photos totalisent plus de 50 points sur un total possible de 60<\/p>\n[ngg src=\"galleries\" ids=\"41\" display=\"pro_mosaic\" row_height=\"200\" last_row=\"nojustify\"]","_links":{"self":[{"href":"https:\/\/www.amateurphoto.fr\/pvcc\/wp-json\/wp\/v2\/pages\/5460","targetHints":{"allow":["GET"]}}],"collection":[{"href":"https:\/\/www.amateurphoto.fr\/pvcc\/wp-json\/wp\/v2\/pages"}],"about":[{"href":"https:\/\/www.amateurphoto.fr\/pvcc\/wp-json\/wp\/v2\/types\/page"}],"author":[{"embeddable":true,"href":"https:\/\/www.amateurphoto.fr\/pvcc\/wp-json\/wp\/v2\/users\/1"}],"replies":[{"embeddable":true,"href":"https:\/\/www.amateurphoto.fr\/pvcc\/wp-json\/wp\/v2\/comments?post=5460"}],"version-history":[{"count":44,"href":"https:\/\/www.amateurphoto.fr\/pvcc\/wp-json\/wp\/v2\/pages\/5460\/revisions"}],"predecessor-version":[{"id":5570,"href":"https:\/\/www.amateurphoto.fr\/pvcc\/wp-json\/wp\/v2\/pages\/5460\/revisions\/5570"}],"wp:attachment":[{"href":"https:\/\/www.amateurphoto.fr\/pvcc\/wp-json\/wp\/v2\/media?parent=5460"}],"curies":[{"name":"wp","href":"https:\/\/api.w.org\/{rel}","templated":true}]}}