{"id":4868,"date":"2023-03-24T16:00:54","date_gmt":"2023-03-24T15:00:54","guid":{"rendered":"https:\/\/www.amateurphoto.fr\/pvcc\/?page_id=4868"},"modified":"2024-10-25T10:19:53","modified_gmt":"2024-10-25T08:19:53","slug":"administration","status":"publish","type":"page","link":"https:\/\/www.amateurphoto.fr\/pvcc\/administration\/","title":{"rendered":"Administration"},"content":{"rendered":"<!--themify_builder_content-->\n<div id=\"themify_builder_content-4868\" data-postid=\"4868\" class=\"themify_builder_content themify_builder_content-4868 themify_builder tf_clear\">\n                    <div  data-css_id=\"qztd988\" data-lazy=\"1\" class=\"module_row themify_builder_row fullwidth_row_container tb_qztd988 tb_first tf_w\">\n                        <div class=\"row_inner col_align_top tb_col_count_1 tf_box tf_rel\">\n                        <div  data-lazy=\"1\" class=\"module_column tb-column col-full tb_6ior989 first\">\n                            <div  data-lazy=\"1\" class=\"module_subrow themify_builder_sub_row tf_w col_align_top tb_col_count_3 tb_0yrp797\">\n                <div  data-lazy=\"1\" class=\"module_column sub_column col3-1 tb_n0vx797 first\">\n                    <!-- module text -->\n<div  class=\"module module-text tb_ppe7538   \" data-lazy=\"1\">\n        <div  class=\"tb_text_wrap\">\n        <h6>Vous souhaitez devenir contributeur ?<\/h6>\n<p>Faites-moi la demande pour disposer d&rsquo;un identifiant et d&rsquo;un mot de passe.<\/p>\n<p>Plusieurs options :<\/p>\n<ul>\n<li style=\"list-style-type: none;\">\n<ul>\n<li>R\u00e9dacteurs ou&nbsp;<\/li>\n<li>Administrateur<\/li>\n<\/ul>\n<\/li>\n<\/ul>    <\/div>\n<\/div>\n<!-- \/module text -->        <\/div>\n                    <div  data-lazy=\"1\" class=\"module_column sub_column col3-1 tb_kojq797\">\n                    <!-- module text -->\n<div  class=\"module module-text tb_k0bq302   \" data-lazy=\"1\">\n        <div  class=\"tb_text_wrap\">\n        <p><a href=\"https:\/\/www.amateurphoto.fr\/pvcc\/wp-admin\/\">Connexion au site<\/a><\/p>    <\/div>\n<\/div>\n<!-- \/module text -->        <\/div>\n                    <div  data-lazy=\"1\" class=\"module_column sub_column col3-1 tb_8pb6797 last\">\n                    <!-- module widget -->\n<div  class=\"module module-widget tb_uat793  \" data-lazy=\"1\">\n    <\/div>\n<!-- \/module widget -->\n        <\/div>\n                    <\/div>\n                <\/div>\n                        <\/div>\n        <\/div>\n                        <div  data-lazy=\"1\" class=\"module_row themify_builder_row tb_xi3u940 tf_w\">\n                        <div class=\"row_inner col_align_top tb_col_count_1 tf_box tf_rel\">\n                        <div  data-lazy=\"1\" class=\"module_column tb-column col-full tb_oc5e940 first\">\n                            <div  data-lazy=\"1\" class=\"module_subrow themify_builder_sub_row tf_w col_align_top tb_col_count_1 tb_o9vy713\">\n                <div  data-lazy=\"1\" class=\"module_column sub_column col-full tb_ouue713 first\">\n                    <!-- module text -->\n<div  class=\"module module-text tb_447j8   \" data-lazy=\"1\">\n        <div  class=\"tb_text_wrap\">\n        <p><a href=\"https:\/\/www.amateurphoto.fr\/pvcc\/idees-danimation-du-club\/\">Id\u00e9es d&rsquo;animations du club<\/a><\/p>    <\/div>\n<\/div>\n<!-- \/module text -->        <\/div>\n                    <\/div>\n                <\/div>\n                        <\/div>\n        <\/div>\n        <\/div>\n<!--\/themify_builder_content-->","protected":false},"excerpt":{"rendered":"<p>Vous souhaitez devenir contributeur ? Faites-moi la demande pour disposer d&rsquo;un identifiant et d&rsquo;un mot de passe. Plusieurs options : R\u00e9dacteurs ou&nbsp; Administrateur \u00c9tat de connexion Vous \u00eates connect\u00e9\u00b7e en tant que WebmasterCliquez ici pour vous d\u00e9connecter Id\u00e9es d&rsquo;animations du club<\/p>\n","protected":false},"author":1,"featured_media":0,"parent":0,"menu_order":0,"comment_status":"closed","ping_status":"closed","template":"bt-no-sidebar-boxed.php","meta":{"ngg_post_thumbnail":0,"_vp_format_video_url":"","_vp_image_focal_point":[],"footnotes":""},"class_list":["post-4868","page","type-page","status-publish","hentry"],"aioseo_notices":[],"builder_content":"<h6>Vous souhaitez devenir contributeur ?<\/h6> <p>Faites-moi la demande pour disposer d'un identifiant et d'un mot de passe.<\/p> <p>Plusieurs options :<\/p> <ul> <li style=\"list-style-type: none;\"> <ul> <li>R\u00e9dacteurs ou&nbsp;<\/li> <li>Administrateur<\/li> <\/ul> <\/li> <\/ul>\n<p><a href=\"https:\/\/www.amateurphoto.fr\/pvcc\/wp-admin\/\">Connexion au site<\/a><\/p>\n\n<p><a href=\"https:\/\/www.amateurphoto.fr\/pvcc\/idees-danimation-du-club\/\">Id\u00e9es d'animations du club<\/a><\/p>","_links":{"self":[{"href":"https:\/\/www.amateurphoto.fr\/pvcc\/wp-json\/wp\/v2\/pages\/4868","targetHints":{"allow":["GET"]}}],"collection":[{"href":"https:\/\/www.amateurphoto.fr\/pvcc\/wp-json\/wp\/v2\/pages"}],"about":[{"href":"https:\/\/www.amateurphoto.fr\/pvcc\/wp-json\/wp\/v2\/types\/page"}],"author":[{"embeddable":true,"href":"https:\/\/www.amateurphoto.fr\/pvcc\/wp-json\/wp\/v2\/users\/1"}],"replies":[{"embeddable":true,"href":"https:\/\/www.amateurphoto.fr\/pvcc\/wp-json\/wp\/v2\/comments?post=4868"}],"version-history":[{"count":25,"href":"https:\/\/www.amateurphoto.fr\/pvcc\/wp-json\/wp\/v2\/pages\/4868\/revisions"}],"predecessor-version":[{"id":9196,"href":"https:\/\/www.amateurphoto.fr\/pvcc\/wp-json\/wp\/v2\/pages\/4868\/revisions\/9196"}],"wp:attachment":[{"href":"https:\/\/www.amateurphoto.fr\/pvcc\/wp-json\/wp\/v2\/media?parent=4868"}],"curies":[{"name":"wp","href":"https:\/\/api.w.org\/{rel}","templated":true}]}}