{"id":440,"date":"2016-10-22T22:47:29","date_gmt":"2016-10-22T20:47:29","guid":{"rendered":"http:\/\/www.amateurphoto.fr\/pvcc\/?page_id=440"},"modified":"2024-10-09T16:03:33","modified_gmt":"2024-10-09T14:03:33","slug":"mentions-legales","status":"publish","type":"page","link":"https:\/\/www.amateurphoto.fr\/pvcc\/mentions-legales\/","title":{"rendered":"Mentions l\u00e9gales"},"content":{"rendered":"<header class=\"entry-header\">\n<h1 class=\"entry-title\">MENTIONS L\u00c9GALES<\/h1>\n<\/header>\n<div class=\"entry-content\">\n<div align=\"left\"><strong>Editeur :<\/strong> Photo Vid\u00e9o Club de Compi\u00e8gne, 2 rue du Grand Ferr\u00e9 60200 COMPIEGNE<\/div>\n<div align=\"left\"><strong>H\u00e9bergement du&nbsp;blog<\/strong> : Soci\u00e9t\u00e9 <a href=\"http:\/\/www.infomaniak.com\/\">infomaniak<\/a><\/div>\n<div>&nbsp;<\/div>\n<div align=\"left\"><strong>Conception du&nbsp;blog :<\/strong>&nbsp;Photo Vid\u00e9o Club de Compi\u00e8gne<\/div>\n<div align=\"left\"><strong>Logiciel utilis\u00e9<\/strong> : WordPress<\/div>\n<div>&nbsp;<\/div>\n<div align=\"left\"><strong>Objectif du site :<\/strong><\/div>\n<div align=\"left\">Ce site a pour objectif de pr\u00e9senter les activit\u00e9s du club PVCC et de faciliter les \u00e9changes entre ses&nbsp;adh\u00e9rents.<\/div>\n<div align=\"left\">&nbsp;<\/div>\n<div align=\"left\"><strong>Protection des donn\u00e9es personnelles :<\/strong><\/div>\n<div>&nbsp;<\/div>\n<div align=\"left\">\u2013 Aucune information personnelle n\u2019est collect\u00e9e \u00e0 votre insu.<\/div>\n<div align=\"left\">\u2013 Aucune information personnelle n\u2019est communiqu\u00e9e \u00e0 des tiers.<\/div>\n<div align=\"left\">&nbsp;<\/div>\n<div align=\"left\"><strong>Messagerie :<\/strong><\/div>\n<div>&nbsp;<\/div>\n<div align=\"left\">\u2013 Les messages envoy\u00e9s sur le r\u00e9seau internet peuvent \u00eatre intercept\u00e9s, ne divulguez pas d\u2019informations sensibles.<\/div>\n<div>&nbsp;<\/div>\n<div align=\"left\"><strong>Droit d\u2019auteur \u2013 Copyright :<\/strong><\/div>\n<div>&nbsp;<\/div>\n<div align=\"left\">L\u2019ensemble de ce site rel\u00e8ve de l\u00e9gislation fran\u00e7aise et internationale sur les droits d\u2019auteur et la propri\u00e9t\u00e9 intellectuelle.<\/div>\n<div>&nbsp;<\/div>\n<div align=\"left\"><strong>D\u00e9charge de responsabilit\u00e9 :<\/strong><\/div>\n<div>&nbsp;<\/div>\n<div align=\"left\">Toutes les informations communiqu\u00e9es sur ou par ce site, y compris les informations sur d\u2019autres sites li\u00e9s \u00e0 ce site ou y faisant r\u00e9f\u00e9rence, n\u2019ont aucune valeur l\u00e9gale ni contractuelle et ne constituent qu\u2019une information soumise aux al\u00e9as de l\u2019actualit\u00e9 photographique, \u00e9conomique, technologique\u2026<\/div>\n<div align=\"left\">Ces informations n\u2019ont donc qu\u2019une valeur consultative et ne sauraient engager la&nbsp;responsabilit\u00e9 du club Photo Vid\u00e9o Club de Compi\u00e8gne<\/div>\n<\/div>\n\n<!-- wp:themify-builder\/canvas \/-->","protected":false},"excerpt":{"rendered":"<p>MENTIONS L\u00c9GALES Editeur : Photo Vid\u00e9o Club de Compi\u00e8gne, 2 rue du Grand Ferr\u00e9 60200 COMPIEGNE H\u00e9bergement du&nbsp;blog : Soci\u00e9t\u00e9 infomaniak &nbsp; Conception du&nbsp;blog :&nbsp;Photo Vid\u00e9o Club de Compi\u00e8gne Logiciel utilis\u00e9 : WordPress &nbsp; Objectif du site : Ce site a pour objectif de pr\u00e9senter les activit\u00e9s du club PVCC et de faciliter les \u00e9changes &hellip; <a href=\"https:\/\/www.amateurphoto.fr\/pvcc\/mentions-legales\/\" class=\"more-link\">Continuer la lecture<span class=\"screen-reader-text\"> de &laquo;&nbsp;Mentions l\u00e9gales&nbsp;&raquo;<\/span><\/a><\/p>\n","protected":false},"author":1,"featured_media":0,"parent":0,"menu_order":0,"comment_status":"closed","ping_status":"closed","template":"bt-no-sidebar-wide.php","meta":{"ngg_post_thumbnail":0,"_vp_format_video_url":"","_vp_image_focal_point":[],"footnotes":""},"class_list":["post-440","page","type-page","status-publish","hentry"],"aioseo_notices":[],"builder_content":"","_links":{"self":[{"href":"https:\/\/www.amateurphoto.fr\/pvcc\/wp-json\/wp\/v2\/pages\/440","targetHints":{"allow":["GET"]}}],"collection":[{"href":"https:\/\/www.amateurphoto.fr\/pvcc\/wp-json\/wp\/v2\/pages"}],"about":[{"href":"https:\/\/www.amateurphoto.fr\/pvcc\/wp-json\/wp\/v2\/types\/page"}],"author":[{"embeddable":true,"href":"https:\/\/www.amateurphoto.fr\/pvcc\/wp-json\/wp\/v2\/users\/1"}],"replies":[{"embeddable":true,"href":"https:\/\/www.amateurphoto.fr\/pvcc\/wp-json\/wp\/v2\/comments?post=440"}],"version-history":[{"count":9,"href":"https:\/\/www.amateurphoto.fr\/pvcc\/wp-json\/wp\/v2\/pages\/440\/revisions"}],"predecessor-version":[{"id":9029,"href":"https:\/\/www.amateurphoto.fr\/pvcc\/wp-json\/wp\/v2\/pages\/440\/revisions\/9029"}],"wp:attachment":[{"href":"https:\/\/www.amateurphoto.fr\/pvcc\/wp-json\/wp\/v2\/media?parent=440"}],"curies":[{"name":"wp","href":"https:\/\/api.w.org\/{rel}","templated":true}]}}