{"id":2326,"date":"2018-10-27T17:59:22","date_gmt":"2018-10-27T15:59:22","guid":{"rendered":"http:\/\/www.amateurphoto.fr\/pvcc\/?page_id=2326"},"modified":"2023-03-24T17:16:29","modified_gmt":"2023-03-24T16:16:29","slug":"georges-lenzi","status":"publish","type":"page","link":"https:\/\/www.amateurphoto.fr\/pvcc\/portfolio_pvcc\/georges-lenzi\/","title":{"rendered":"Georges LENZI"},"content":{"rendered":"<p><em><strong>\u2026 \u00ab\u00a0C\u2019est en compagnie des gauchos argentins que l\u2019auteur Georges Lenzi nous invite \u00e0 partir en voyage au travers de ce bel ouvrage intitul\u00e9 tout simplement GAUCHOS, pour d\u00e9couvrir leur mode de vie et environnement. C\u2019est un ultime t\u00e9moignage qui r\u00e9v\u00e8le la pr\u00e9carit\u00e9 de leurs traditions s\u00e9culaires face aux diktats de la mondialisation\u00a0\u00bb\u2026<\/strong><\/em><\/p>\n\n\nngg_shortcode_0_placeholder\n\n\n<div class=\"wp-block-image\">\n<figure class=\"alignleft\"><a href=\"https:\/\/www.amateurphoto.fr\/pvcc\/wp-content\/uploads\/2018\/12\/black.gif\"><img loading=\"lazy\" decoding=\"async\" width=\"1920\" height=\"1080\" src=\"https:\/\/www.amateurphoto.fr\/pvcc\/wp-content\/uploads\/2018\/12\/black.gif\" alt=\"\" class=\"wp-image-2371\"\/><\/a><\/figure><\/div>\n<!--themify_builder_content-->\n<div id=\"themify_builder_content-2326\" data-postid=\"2326\" class=\"themify_builder_content themify_builder_content-2326 themify_builder tf_clear\">\n                    <div  data-lazy=\"1\" class=\"module_row themify_builder_row tb_737q386 tb_first tf_w\">\n                        <div class=\"row_inner col_align_top tb_col_count_1 tf_box tf_rel\">\n                        <div  data-lazy=\"1\" class=\"module_column tb-column col-full tb_ken3386 first\">\n                    <!-- module text -->\n<div  class=\"module module-text tb_nawq274   \" data-lazy=\"1\">\n        <div  class=\"tb_text_wrap\">\n        <p>Le livre est toujours disponible vous pouvez le commander :<\/p>\n<p><a href=\"https:\/\/www.librairie-gallimard.com\/livre\/9788836640768-gauchos-georges-lenzi\/\" target=\"_blank\" rel=\"noopener\">Librairie Gallimard<\/a><\/p>    <\/div>\n<\/div>\n<!-- \/module text -->        <\/div>\n                        <\/div>\n        <\/div>\n        <\/div>\n<!--\/themify_builder_content-->","protected":false},"excerpt":{"rendered":"<p>\u2026 \u00ab\u00a0C\u2019est en compagnie des gauchos argentins que l\u2019auteur Georges Lenzi nous invite \u00e0 partir en voyage au travers de ce bel ouvrage intitul\u00e9 tout simplement GAUCHOS, pour d\u00e9couvrir leur mode de vie et environnement. C\u2019est un ultime t\u00e9moignage qui r\u00e9v\u00e8le la pr\u00e9carit\u00e9 de leurs traditions s\u00e9culaires face aux diktats de la mondialisation\u00a0\u00bb\u2026 Le livre &hellip; <a href=\"https:\/\/www.amateurphoto.fr\/pvcc\/portfolio_pvcc\/georges-lenzi\/\" class=\"more-link\">Continuer la lecture<span class=\"screen-reader-text\"> de &laquo;&nbsp;Georges LENZI&nbsp;&raquo;<\/span><\/a><\/p>\n","protected":false},"author":1,"featured_media":0,"parent":4587,"menu_order":0,"comment_status":"closed","ping_status":"closed","template":"bt-no-sidebar-boxed.php","meta":{"ngg_post_thumbnail":0,"_vp_format_video_url":"","_vp_image_focal_point":[],"footnotes":""},"class_list":["post-2326","page","type-page","status-publish","hentry"],"aioseo_notices":[],"builder_content":"<p>Le livre est toujours disponible vous pouvez le commander :<\/p> <p><a href=\"https:\/\/www.librairie-gallimard.com\/livre\/9788836640768-gauchos-georges-lenzi\/\" target=\"_blank\" rel=\"noopener\">Librairie Gallimard<\/a><\/p>","_links":{"self":[{"href":"https:\/\/www.amateurphoto.fr\/pvcc\/wp-json\/wp\/v2\/pages\/2326","targetHints":{"allow":["GET"]}}],"collection":[{"href":"https:\/\/www.amateurphoto.fr\/pvcc\/wp-json\/wp\/v2\/pages"}],"about":[{"href":"https:\/\/www.amateurphoto.fr\/pvcc\/wp-json\/wp\/v2\/types\/page"}],"author":[{"embeddable":true,"href":"https:\/\/www.amateurphoto.fr\/pvcc\/wp-json\/wp\/v2\/users\/1"}],"replies":[{"embeddable":true,"href":"https:\/\/www.amateurphoto.fr\/pvcc\/wp-json\/wp\/v2\/comments?post=2326"}],"version-history":[{"count":21,"href":"https:\/\/www.amateurphoto.fr\/pvcc\/wp-json\/wp\/v2\/pages\/2326\/revisions"}],"predecessor-version":[{"id":7369,"href":"https:\/\/www.amateurphoto.fr\/pvcc\/wp-json\/wp\/v2\/pages\/2326\/revisions\/7369"}],"up":[{"embeddable":true,"href":"https:\/\/www.amateurphoto.fr\/pvcc\/wp-json\/wp\/v2\/pages\/4587"}],"wp:attachment":[{"href":"https:\/\/www.amateurphoto.fr\/pvcc\/wp-json\/wp\/v2\/media?parent=2326"}],"curies":[{"name":"wp","href":"https:\/\/api.w.org\/{rel}","templated":true}]}}