{"id":166,"date":"2016-09-26T14:44:09","date_gmt":"2016-09-26T12:44:09","guid":{"rendered":"http:\/\/www.amateurphoto.fr\/pvcc\/?page_id=166"},"modified":"2024-10-07T23:14:57","modified_gmt":"2024-10-07T21:14:57","slug":"les-presentations-techniques","status":"publish","type":"page","link":"https:\/\/www.amateurphoto.fr\/pvcc\/les-presentations-techniques\/","title":{"rendered":"Les pr\u00e9sentations techniques"},"content":{"rendered":"","protected":true},"excerpt":{"rendered":"","protected":true},"author":1,"featured_media":0,"parent":0,"menu_order":0,"comment_status":"closed","ping_status":"closed","template":"bt-no-sidebar-boxed.php","meta":{"ngg_post_thumbnail":0,"_vp_format_video_url":"","_vp_image_focal_point":[],"footnotes":""},"class_list":["post-166","page","type-page","status-publish","post-password-required","hentry"],"aioseo_notices":[],"builder_content":"<p>Retrouvez ci-apr\u00e8s des pr\u00e9sentations r\u00e9alis\u00e9es par G. Morisot.<\/p> <p>Ces pr\u00e9sentations ne sont pas publiques car certaines images ou textes ne sont pas libres de droits.<\/p>\n<h5>La colorim\u00e9trie appliqu\u00e9e au photographe :<\/h5> <p>De la prise de vue \u00e0 l'impression, comprendre notre perception de la couleur<\/p>\n<a href=\"https:\/\/www.amateurphoto.fr\/pvcc\/wp-content\/uploads\/2016\/09\/La-colorim%C3%A9trie-en-photographie-num%C3%A9rique.pdf\" rel=\"noopener\" target=\"_blank\"> <img src=\"http:\/\/www.amateurphoto.fr\/pvcc\/wp-content\/uploads\/2016\/09\/logo_pdf.jpg\" width=\"98\" height=\"50\" alt=\"T\u00e9l\u00e9chargez le pdf\"> <\/a> T\u00e9l\u00e9chargez le pdf\n<h5>Diff\u00e9rences entre les formats de fichiers, RAW, DNG, TIF, JPEG :<\/h5><p>D\u00e9velopper les fichiers num\u00e9riques, quel flux de travail, sRGB et RGB, choix du profil colorim\u00e9trique.<\/p>\n<a href=\"http:\/\/www.amateurphoto.fr\/pvcc\/wp-content\/uploads\/2016\/09\/Difference_entre_un_fichier.pdf\" rel=\"noopener\" target=\"_blank\"> <img src=\"http:\/\/www.amateurphoto.fr\/pvcc\/wp-content\/uploads\/2016\/09\/logo_pdf.jpg\" width=\"98\" height=\"50\" title=\"T\u00e9l\u00e9chargez le pdf\" alt=\"T\u00e9l\u00e9chargez le pdf\"> <\/a> <h3> <a href=\"http:\/\/www.amateurphoto.fr\/pvcc\/wp-content\/uploads\/2016\/09\/Difference_entre_un_fichier.pdf\" rel=\"noopener\" target=\"_blank\"> T\u00e9l\u00e9chargez le pdf <\/a> <\/h3>\n<h5>Impression PRO-1000 :<\/h5> <p>L'atelier d'impression num\u00e9rique, ce qu'il faut savoir.<\/p>\n<a href=\"http:\/\/www.amateurphoto.fr\/pvcc\/Fichiers_pdf\/Formation\/PRO-1000_Utilisation.pdf\" rel=\"noopener\" target=\"_blank\"> <img src=\"http:\/\/www.amateurphoto.fr\/pvcc\/wp-content\/uploads\/2016\/09\/logo_pdf.jpg\" width=\"98\" height=\"50\" title=\"Imprimez en libert\u00e9 !\" alt=\"Imprimez en libert\u00e9 !\"> <\/a> <h3> <a href=\"http:\/\/www.amateurphoto.fr\/pvcc\/Fichiers_pdf\/Formation\/PRO-1000_Utilisation.pdf\" rel=\"noopener\" target=\"_blank\"> Imprimez en libert\u00e9 ! <\/a> <\/h3>\n<h5>Deux fichiers d'aide \u00e0 l'analyse d'image :<\/h5><ul><li style=\"list-style-type: none;\"><ul><li style=\"list-style-type: none;\"><ul><li>Un pdf de la F\u00e9d\u00e9ration Photographique de France, mars 2012<\/li><li>Un document de Philippe LITZER \"m\u00e9thode simple pour juger une photo\".<\/li><\/ul><\/li><\/ul><\/li><\/ul>\n<a href=\"http:\/\/www.amateurphoto.fr\/pvcc\/wp-content\/uploads\/2023\/10\/Methode-simple-pour-juger-une-photographie.pdf\" rel=\"noopener\" target=\"_blank\"> <img src=\"http:\/\/www.amateurphoto.fr\/pvcc\/wp-content\/uploads\/2016\/09\/logo_pdf.jpg\" width=\"98\" height=\"50\" title=\"Litzler : le pdf\" alt=\"Litzler : le pdf\"> <\/a> <h3> <a href=\"http:\/\/www.amateurphoto.fr\/pvcc\/wp-content\/uploads\/2023\/10\/Methode-simple-pour-juger-une-photographie.pdf\" rel=\"noopener\" target=\"_blank\"> Litzler : le pdf <\/a> <\/h3>\n<a href=\"https:\/\/www.amateurphoto.fr\/pvcc\/wp-content\/uploads\/2016\/09\/aide_a_l_analyse_d_images.pdf\" rel=\"noopener\" target=\"_blank\"> <img src=\"http:\/\/www.amateurphoto.fr\/pvcc\/wp-content\/uploads\/2016\/09\/logo_pdf.jpg\" width=\"98\" height=\"50\" title=\"Document FPF\" alt=\"Document FPF\"> <\/a> <h3> <a href=\"https:\/\/www.amateurphoto.fr\/pvcc\/wp-content\/uploads\/2016\/09\/aide_a_l_analyse_d_images.pdf\" rel=\"noopener\" target=\"_blank\"> Document FPF <\/a> <\/h3>\n<h5>Le droit et l\u2019image,<\/h5><p>Synth\u00e8se r\u00e9alis\u00e9e par G\u00e9rard, d\u2019une pr\u00e9sentation de Ma\u00eetre Bruno ANATRELLA.<\/p>\n<a href=\"http:\/\/www.amateurphoto.fr\/pvcc\/wp-content\/uploads\/2016\/09\/droit_et_image_gmt.pdf\" rel=\"noopener\" target=\"_blank\"> <img src=\"http:\/\/www.amateurphoto.fr\/pvcc\/wp-content\/uploads\/2016\/09\/logo_pdf.jpg\" width=\"98\" height=\"50\" title=\"Droit et image\" alt=\"Droit et image\"> <\/a> <h3> <a href=\"http:\/\/www.amateurphoto.fr\/pvcc\/wp-content\/uploads\/2016\/09\/droit_et_image_gmt.pdf\" rel=\"noopener\" target=\"_blank\"> Droit et image <\/a> <\/h3>\n<h5>Formation Lightroom<\/h5><p>Le fichier pdf des documents pr\u00e9sent\u00e9s \u00e0 la formation Lightroom CC<br>Actualis\u00e9 : 06-2019<\/p>\n<a href=\"https:\/\/www.amateurphoto.fr\/pvcc\/Fichiers_pdf\/Formation\/LR_CC_formation_11-19.pdf\" rel=\"noopener\" target=\"_blank\"> <img src=\"http:\/\/www.amateurphoto.fr\/pvcc\/wp-content\/uploads\/2016\/09\/logo_pdf.jpg\" width=\"98\" height=\"50\" title=\"Droit et image\" alt=\"Droit et image\"> <\/a> <h3> <a href=\"https:\/\/www.amateurphoto.fr\/pvcc\/Fichiers_pdf\/Formation\/LR_CC_formation_11-19.pdf\" rel=\"noopener\" target=\"_blank\"> Droit et image <\/a> <\/h3>\n<h5>R\u00e8gles de composition, le nombre d\u2019or.<\/h5><p>Document de synth\u00e8se d\u2019\u00e9l\u00e9ments trouv\u00e9s sur le net, compl\u00e9t\u00e9 de mes commentaires et analyses.<\/p>\n<a href=\"https:\/\/www.amateurphoto.fr\/pvcc\/Fichiers_pdf\/Nb_or.pdf\" rel=\"noopener\" target=\"_blank\"> <img src=\"http:\/\/www.amateurphoto.fr\/pvcc\/wp-content\/uploads\/2016\/09\/logo_pdf.jpg\" width=\"98\" height=\"50\" title=\"Le nb d&#039;or\" alt=\"Le nb d&#039;or\"> <\/a> <h3> <a href=\"https:\/\/www.amateurphoto.fr\/pvcc\/Fichiers_pdf\/Nb_or.pdf\" rel=\"noopener\" target=\"_blank\"> Le nb d'or <\/a> <\/h3>\n<h5>La photo en relief c'est tellement plus r\u00e9el :<\/h5><p>Revue Kodak \"Courrier amateurphoto\" n\u00b08, retrouv\u00e9e lors d'un rangement au club.<\/p>\n<a href=\"http:\/\/www.amateurphoto.fr\/pvcc\/Fichiers_pdf\/amateurphoto.pdf\" rel=\"noopener\" target=\"_blank\"> <img src=\"http:\/\/www.amateurphoto.fr\/pvcc\/wp-content\/uploads\/2016\/09\/logo_pdf.jpg\" width=\"98\" height=\"50\" title=\"A vos outils\" alt=\"A vos outils\"> <\/a> <h3> <a href=\"http:\/\/www.amateurphoto.fr\/pvcc\/Fichiers_pdf\/amateurphoto.pdf\" rel=\"noopener\" target=\"_blank\"> A vos outils <\/a> <\/h3>\n<h5>Nettoyage de son mat\u00e9riel :<\/h5><p>Retrouvez dans ce pdf quelques conseils.<\/p>\n<a href=\"http:\/\/www.amateurphoto.fr\/pvcc\/Fichiers_pdf\/Entretenir%20le%20mat\u00e9riel.pdf\" rel=\"noopener\" target=\"_blank\"> <img src=\"http:\/\/www.amateurphoto.fr\/pvcc\/wp-content\/uploads\/2016\/09\/logo_pdf.jpg\" width=\"98\" height=\"50\" title=\"Lancez vous !\" alt=\"Lancez vous !\"> <\/a> <h3> <a href=\"http:\/\/www.amateurphoto.fr\/pvcc\/Fichiers_pdf\/Entretenir%20le%20mat\u00e9riel.pdf\" rel=\"noopener\" target=\"_blank\"> Lancez vous ! <\/a> <\/h3>\n<h5>La photographie d'hier \u00e0 nos Jours<\/h5> <p>L'histoire de la photographie racont\u00e9e en quelques planches.<\/p>\n<a href=\"http:\/\/www.amateurphoto.fr\/pvcc\/Fichiers_pdf\/Formation\/La%20photographie_hier_a_aujourd&#039;hui.pdf\" rel=\"noopener\" target=\"_blank\"> <img src=\"http:\/\/www.amateurphoto.fr\/pvcc\/wp-content\/uploads\/2016\/09\/logo_pdf.jpg\" width=\"98\" height=\"50\" title=\"Lancez vous !\" alt=\"Lancez vous !\"> <\/a> <h3> <a href=\"http:\/\/www.amateurphoto.fr\/pvcc\/Fichiers_pdf\/Formation\/La%20photographie_hier_a_aujourd&#039;hui.pdf\" rel=\"noopener\" target=\"_blank\"> Lancez vous ! <\/a> <\/h3>","_links":{"self":[{"href":"https:\/\/www.amateurphoto.fr\/pvcc\/wp-json\/wp\/v2\/pages\/166","targetHints":{"allow":["GET"]}}],"collection":[{"href":"https:\/\/www.amateurphoto.fr\/pvcc\/wp-json\/wp\/v2\/pages"}],"about":[{"href":"https:\/\/www.amateurphoto.fr\/pvcc\/wp-json\/wp\/v2\/types\/page"}],"author":[{"embeddable":true,"href":"https:\/\/www.amateurphoto.fr\/pvcc\/wp-json\/wp\/v2\/users\/1"}],"replies":[{"embeddable":true,"href":"https:\/\/www.amateurphoto.fr\/pvcc\/wp-json\/wp\/v2\/comments?post=166"}],"version-history":[{"count":81,"href":"https:\/\/www.amateurphoto.fr\/pvcc\/wp-json\/wp\/v2\/pages\/166\/revisions"}],"predecessor-version":[{"id":8956,"href":"https:\/\/www.amateurphoto.fr\/pvcc\/wp-json\/wp\/v2\/pages\/166\/revisions\/8956"}],"wp:attachment":[{"href":"https:\/\/www.amateurphoto.fr\/pvcc\/wp-json\/wp\/v2\/media?parent=166"}],"curies":[{"name":"wp","href":"https:\/\/api.w.org\/{rel}","templated":true}]}}